{"id":30,"date":"2010-03-15T21:41:53","date_gmt":"2010-03-15T20:41:53","guid":{"rendered":"http:https:\/\/rufv-gauting.de\/?page_id=30"},"modified":"2024-02-18T13:53:13","modified_gmt":"2024-02-18T12:53:13","slug":"schulpferde","status":"publish","type":"page","link":"https:\/\/rufv-gauting.de\/?page_id=30","title":{"rendered":"Schulpferde"},"content":{"rendered":"\t\t<div data-elementor-type=\"wp-page\" data-elementor-id=\"30\" class=\"elementor elementor-30\">\n\t\t\t\t\t\t<div class=\"elementor-inner\">\n\t\t\t\t<div class=\"elementor-section-wrap\">\n\t\t\t\t\t\t\t\t\t<section class=\"elementor-section elementor-top-section elementor-element elementor-element-7d10db8 elementor-section-boxed elementor-section-height-default elementor-section-height-default\" data-id=\"7d10db8\" data-element_type=\"section\">\n\t\t\t\t\t\t<div class=\"elementor-container elementor-column-gap-default\">\n\t\t\t\t\t\t\t<div class=\"elementor-row\">\n\t\t\t\t\t<div class=\"elementor-column elementor-col-100 elementor-top-column elementor-element elementor-element-df1d071\" data-id=\"df1d071\" data-element_type=\"column\">\n\t\t\t<div class=\"elementor-column-wrap elementor-element-populated\">\n\t\t\t\t\t\t\t<div class=\"elementor-widget-wrap\">\n\t\t\t\t\t\t<div class=\"elementor-element elementor-element-2527652 elementor-widget elementor-widget-text-editor\" data-id=\"2527652\" data-element_type=\"widget\" data-widget_type=\"text-editor.default\">\n\t\t\t\t<div class=\"elementor-widget-container\">\n\t\t\t\t\t\t\t\t<div class=\"elementor-text-editor elementor-clearfix\">\n\t\t\t\t<div>Unseren Reiterinnen und Reitern stehen f\u00fcnf Gro\u00dfpferde und vier Ponys zur Verf\u00fcgung. Die Schulpferde werden von Betriebsleiter und Reitlehrer Michael Schmidt betreut und regelm\u00e4\u00dfig von erfahrenen Reitern Korrektur geritten. Vormittags stehen unsere Schulis gemeinsam auf gro\u00dfz\u00fcgigen Koppeln, bevor sie nachmittags im Reitunterricht eingesetzt werden. Sonntags findet kein Schulunterricht statt. An diesem Tag gehen die Schulpferde ins Gel\u00e4nde, werden Korrektur geritten oder genie\u00dfen einen freien Tag auf der Koppel. Durch diese Ma\u00dfnahmen versuchen wir sicherzustellen, dass unseren Reiterinnen und Reitern zufriedene, ausgeglichene und gesunde Schulpferde zur Verf\u00fcgung stehen.<\/div>\t\t\t\t\t<\/div>\n\t\t\t\t\t\t<\/div>\n\t\t\t\t<\/div>\n\t\t\t\t\t\t<\/div>\n\t\t\t\t\t<\/div>\n\t\t<\/div>\n\t\t\t\t\t\t\t\t<\/div>\n\t\t\t\t\t<\/div>\n\t\t<\/section>\n\t\t\t\t<section class=\"elementor-section elementor-top-section elementor-element elementor-element-78cf440 elementor-section-boxed elementor-section-height-default elementor-section-height-default\" data-id=\"78cf440\" data-element_type=\"section\">\n\t\t\t\t\t\t<div class=\"elementor-container elementor-column-gap-default\">\n\t\t\t\t\t\t\t<div class=\"elementor-row\">\n\t\t\t\t\t<div class=\"elementor-column elementor-col-100 elementor-top-column elementor-element elementor-element-55ef305\" data-id=\"55ef305\" data-element_type=\"column\">\n\t\t\t<div class=\"elementor-column-wrap elementor-element-populated\">\n\t\t\t\t\t\t\t<div class=\"elementor-widget-wrap\">\n\t\t\t\t\t\t<div class=\"elementor-element elementor-element-0b71ac7 elementor-widget elementor-widget-heading\" data-id=\"0b71ac7\" data-element_type=\"widget\" data-widget_type=\"heading.default\">\n\t\t\t\t<div class=\"elementor-widget-container\">\n\t\t\t<h2 class=\"elementor-heading-title elementor-size-default\">Unsere Schulpferde<\/h2>\t\t<\/div>\n\t\t\t\t<\/div>\n\t\t\t\t\t\t<\/div>\n\t\t\t\t\t<\/div>\n\t\t<\/div>\n\t\t\t\t\t\t\t\t<\/div>\n\t\t\t\t\t<\/div>\n\t\t<\/section>\n\t\t\t\t<section class=\"elementor-section elementor-top-section elementor-element elementor-element-64e5871 elementor-section-boxed elementor-section-height-default elementor-section-height-default\" data-id=\"64e5871\" data-element_type=\"section\">\n\t\t\t\t\t\t<div class=\"elementor-container elementor-column-gap-default\">\n\t\t\t\t\t\t\t<div class=\"elementor-row\">\n\t\t\t\t\t<div class=\"elementor-column elementor-col-100 elementor-top-column elementor-element elementor-element-fb4c86d\" data-id=\"fb4c86d\" data-element_type=\"column\">\n\t\t\t<div class=\"elementor-column-wrap elementor-element-populated\">\n\t\t\t\t\t\t\t<div class=\"elementor-widget-wrap\">\n\t\t\t\t\t\t<div class=\"elementor-element elementor-element-e3ffcdf elementor-widget elementor-widget-a13fe-post-list\" data-id=\"e3ffcdf\" data-element_type=\"widget\" data-widget_type=\"a13fe-post-list.default\">\n\t\t\t\t<div class=\"elementor-widget-container\">\n\t\t\t\t\t\t\t<div class=\"bricks-frame people-bricks people-bricks-1  variant-overlay cover-hover title-mid title-center texts-hover hover-effect-shift people-columns-3\">\n\t\t\t\t<div class=\"people-grid-container\" data-margin=\"5\">\n\t\t\t\t<div class=\"grid-master\"><\/div>\n\t\t\t\t<div class=\"archive-item object-item w1\"><img decoding=\"async\" loading=\"lazy\" src=\"https:\/\/rufv-gauting.de\/wp-content\/uploads\/apollo13_images\/29261183_2063235793890298_1329263704910331904_o-1-7ck1s20w0o8gbozvf21cubcr8py4g3kgxa.jpg\" alt=\"\" title=\"29261183_2063235793890298_1329263704910331904_o\" width=\"637\" height=\"637\" \/><div class=\"cover\" style=\"background-color:rgba(0,0,0,0.5);\"><\/div><div class=\"covering-image\"><\/div><div class=\"caption\"><div class=\"texts_group\" style=\"color:rgba(255,255,255,1);\"><div class=\"subtitle\"><\/div><h2 class=\"post-title\" style=\"color:rgba(255,255,255,1);\">Cheyenne<\/h2><div class=\"people-desc\" style=\"color:rgba(255,255,255,1);\"><\/div><\/div><\/div><\/div><div class=\"archive-item object-item w1\"><img decoding=\"async\" loading=\"lazy\" src=\"https:\/\/rufv-gauting.de\/wp-content\/uploads\/apollo13_images\/29313438_2063235800556964_8456420749010272256_o-1-7ck1s20w0o8gbozvf21cubcr8py4g3kgxa.jpg\" alt=\"\" title=\"29313438_2063235800556964_8456420749010272256_o\" width=\"637\" height=\"637\" \/><div class=\"cover\" style=\"background-color:rgba(0,0,0,0.5);\"><\/div><div class=\"covering-image\"><\/div><div class=\"caption\"><div class=\"texts_group\" style=\"color:rgba(255,255,255,1);\"><div class=\"subtitle\"><\/div><h2 class=\"post-title\" style=\"color:rgba(255,255,255,1);\">Dolly<\/h2><div class=\"people-desc\" style=\"color:rgba(255,255,255,1);\"><\/div><\/div><\/div><\/div><div class=\"archive-item object-item w1\"><img decoding=\"async\" loading=\"lazy\" src=\"https:\/\/rufv-gauting.de\/wp-content\/uploads\/apollo13_images\/Blue-7fh5dgin4yhlw276bpoto8afsazb2jnl4e.jpg\" alt=\"\" title=\"Blue\" width=\"637\" height=\"637\" \/><div class=\"cover\" style=\"background-color:rgba(0,0,0,0.5);\"><\/div><div class=\"covering-image\"><\/div><div class=\"caption\"><div class=\"texts_group\" style=\"color:rgba(255,255,255,1);\"><div class=\"subtitle\"><\/div><h2 class=\"post-title\" style=\"color:rgba(255,255,255,1);\">Blue<\/h2><div class=\"people-desc\" style=\"color:rgba(255,255,255,1);\"><\/div><\/div><\/div><\/div><div class=\"archive-item object-item w1\"><img decoding=\"async\" loading=\"lazy\" src=\"https:\/\/rufv-gauting.de\/wp-content\/uploads\/apollo13_images\/PHOTO-2022-01-28-10-01-08-7hp1orvpas4qv7njx55qsv917wkv4dgjvy.jpg\" alt=\"\" title=\"PHOTO-2022-01-28-10-01-08\" width=\"637\" height=\"637\" \/><div class=\"cover\" style=\"background-color:rgba(0,0,0,0.5);\"><\/div><div class=\"covering-image\"><\/div><div class=\"caption\"><div class=\"texts_group\" style=\"color:rgba(255,255,255,1);\"><div class=\"subtitle\"><\/div><h2 class=\"post-title\" style=\"color:rgba(255,255,255,1);\">Skaisa<\/h2><div class=\"people-desc\" style=\"color:rgba(255,255,255,1);\"><\/div><\/div><\/div><\/div><div class=\"archive-item object-item w1\"><img decoding=\"async\" loading=\"lazy\" src=\"https:\/\/rufv-gauting.de\/wp-content\/uploads\/apollo13_images\/Tamira-e1694203432530-7fh5gqipy59y03av42kaid9jruuprs6b3i.jpg\" alt=\"\" title=\"Tamira\" width=\"637\" height=\"637\" \/><div class=\"cover\" style=\"background-color:rgba(0,0,0,0.5);\"><\/div><div class=\"covering-image\"><\/div><div class=\"caption\"><div class=\"texts_group\" style=\"color:rgba(255,255,255,1);\"><div class=\"subtitle\"><\/div><h2 class=\"post-title\" style=\"color:rgba(255,255,255,1);\">Tamira<\/h2><div class=\"people-desc\" style=\"color:rgba(255,255,255,1);\"><\/div><\/div><\/div><\/div><div class=\"archive-item object-item w1\"><img decoding=\"async\" loading=\"lazy\" src=\"https:\/\/rufv-gauting.de\/wp-content\/uploads\/apollo13_images\/IMG_7803-scaled-7fh4od2lcutlpgz5ro79hql1rd6slot0vi.jpg\" alt=\"\" title=\"IMG_7803\" width=\"637\" height=\"637\" \/><div class=\"cover\" style=\"background-color:rgba(0,0,0,0.5);\"><\/div><div class=\"covering-image\"><\/div><div class=\"caption\"><div class=\"texts_group\" style=\"color:rgba(255,255,255,1);\"><div class=\"subtitle\"><\/div><h2 class=\"post-title\" style=\"color:rgba(255,255,255,1);\">Laurin<\/h2><div class=\"people-desc\" style=\"color:rgba(255,255,255,1);\"><\/div><\/div><\/div><\/div><div class=\"archive-item object-item w1\"><img decoding=\"async\" loading=\"lazy\" src=\"https:\/\/rufv-gauting.de\/wp-content\/uploads\/apollo13_images\/IMG_8551-scaled-7fh4of6yoavqaksr60kg6pmep0fuq6r99q.jpg\" alt=\"\" title=\"IMG_8551\" width=\"637\" height=\"637\" \/><div class=\"cover\" style=\"background-color:rgba(0,0,0,0.5);\"><\/div><div class=\"covering-image\"><\/div><div class=\"caption\"><div class=\"texts_group\" style=\"color:rgba(255,255,255,1);\"><div class=\"subtitle\"><\/div><h2 class=\"post-title\" style=\"color:rgba(255,255,255,1);\">Janosch<\/h2><div class=\"people-desc\" style=\"color:rgba(255,255,255,1);\"><\/div><\/div><\/div><\/div><div class=\"archive-item object-item w1\"><img decoding=\"async\" loading=\"lazy\" src=\"https:\/\/rufv-gauting.de\/wp-content\/uploads\/apollo13_images\/PHOTO-2022-02-18-15-46-07-7h80j4ckxpy50zs51fnbmrw61b9ihskhim.jpg\" alt=\"\" title=\"PHOTO-2022-02-18-15-46-07\" width=\"637\" height=\"637\" \/><div class=\"cover\" style=\"background-color:rgba(0,0,0,0.5);\"><\/div><div class=\"covering-image\"><\/div><div class=\"caption\"><div class=\"texts_group\" style=\"color:rgba(255,255,255,1);\"><div class=\"subtitle\"><\/div><h2 class=\"post-title\" style=\"color:rgba(255,255,255,1);\">Esme<\/h2><div class=\"people-desc\" style=\"color:rgba(255,255,255,1);\"><\/div><\/div><\/div><\/div>\t\t\t\t<\/div>\n\t\t\t\t<\/div>\n\t\t\t\t<div class=\"clear\"><\/div>\n\t\t\t\t\t\t<\/div>\n\t\t\t\t<\/div>\n\t\t\t\t\t\t<\/div>\n\t\t\t\t\t<\/div>\n\t\t<\/div>\n\t\t\t\t\t\t\t\t<\/div>\n\t\t\t\t\t<\/div>\n\t\t<\/section>\n\t\t\t\t<section class=\"elementor-section elementor-top-section elementor-element elementor-element-11ac3a2 elementor-section-boxed elementor-section-height-default elementor-section-height-default\" data-id=\"11ac3a2\" data-element_type=\"section\">\n\t\t\t\t\t\t<div class=\"elementor-container elementor-column-gap-default\">\n\t\t\t\t\t\t\t<div class=\"elementor-row\">\n\t\t\t\t\t<div class=\"elementor-column elementor-col-100 elementor-top-column elementor-element elementor-element-10086f9\" data-id=\"10086f9\" data-element_type=\"column\">\n\t\t\t<div class=\"elementor-column-wrap elementor-element-populated\">\n\t\t\t\t\t\t\t<div class=\"elementor-widget-wrap\">\n\t\t\t\t\t\t<div class=\"elementor-element elementor-element-20e4b02 elementor-widget elementor-widget-text-editor\" data-id=\"20e4b02\" data-element_type=\"widget\" data-widget_type=\"text-editor.default\">\n\t\t\t\t<div class=\"elementor-widget-container\">\n\t\t\t\t\t\t\t\t<div class=\"elementor-text-editor elementor-clearfix\">\n\t\t\t\t<h1>Aus dem Leben eines Schulis<\/h1>\n<p>Schon fr\u00fch am Morgen werde ich von unseren Pflegern mit einer gro\u00dfen Portion Heu geweckt. Wisst ihr wie viel Heu ich am Tag fressen soll?* Egal, ich fr\u00fchst\u00fccke jetzt erstmal gem\u00fctlich und dann geht es f\u00fcr mich raus auf die Koppel. Da kann ich das saftige Gras fressen und mit meinen Kumpels um die Wette rennen. Als Pferd bin ich n\u00e4mlich ein Bewegungstier. Meine Freunde in der Wildnis verbringen jeden Tag bis zu 18 Stunden damit \u00fcber die weiten Grasfl\u00e4chen zu ziehen.<\/p>\n<p>Um ca. 12 Uhr kommen dann die Pfleger um mich zur\u00fcck in meinen Stall zu bringen. Hey, wer hat denn die Box w\u00e4hrend meiner Zeit auf der Koppel so sch\u00f6n saubergemacht? Jetzt bekomme ich wieder eine ordentliche Portion Futter damit ich im Reitunterricht auch gut mitarbeiten kann. Ab 14:00 Uhr geht es dann mit den Reitstunden los. Ich bin schon total gespannt, wer heute zu mir kommt. Ob ich heute nur Dressur gehe oder auch springe? Die Reitsch\u00fcler sind jedenfalls immer recht nett zu mir. Erst werde ich ausgiebig geputzt und bekomme ein paar nat\u00fcrlich gesunde Leckerlis. Ansonsten schaue ich einfach so, als h\u00e4tte ich den ganzen Tag noch nichts zu fressen bekommen. Dann geht es los\u2026 und du auf mir bleibst einfach entspannt\u2026 ich mach das schon. Wir arbeiten gemeinsam ein paar Runden in der Halle und schon ist unsere Reitstunde vorbei und ich werde wieder in den Stall zu meinen Kumpels gebracht. Hatte ich eigentlich schon was zu fressen\u2026??? An den meisten Tagen darf ich zwei Reitsch\u00fclern zeigen, wie das mit dem Reiten so funktioniert.<\/p>\n<p>Am Abend bekomme ich dann nochmal eine gro\u00dfe Portion Heu und Kraftfutter bevor ich\u2019s mir im Stroh gem\u00fctlich mache.<\/p>\n<p>*1,5 bis 2 Kilogramm Raufutter pro 100 Kilogramm Gewicht des Pferdes sind das Minimum<\/p>\t\t\t\t\t<\/div>\n\t\t\t\t\t\t<\/div>\n\t\t\t\t<\/div>\n\t\t\t\t\t\t<\/div>\n\t\t\t\t\t<\/div>\n\t\t<\/div>\n\t\t\t\t\t\t\t\t<\/div>\n\t\t\t\t\t<\/div>\n\t\t<\/section>\n\t\t\t\t\t\t\t\t\t<\/div>\n\t\t\t<\/div>\n\t\t\t\t\t<\/div>\n\t\t","protected":false},"excerpt":{"rendered":"<p>Unseren Reiterinnen und Reitern stehen f\u00fcnf Gro\u00dfpferde und vier Ponys zur Verf\u00fcgung. Die Schulpferde werden von Betriebsleiter und Reitlehrer Michael Schmidt betreut und regelm\u00e4\u00dfig von erfahrenen Reitern Korrektur geritten. Vormittags stehen unsere Schulis gemeinsam auf gro\u00dfz\u00fcgigen Koppeln, bevor sie nachmittags im Reitunterricht eingesetzt werden. Sonntags findet kein Schulunterricht statt. An diesem Tag gehen die Schulpferde ins Gel\u00e4nde, werden Korrektur geritten oder genie\u00dfen einen freien Tag auf der Koppel. Durch diese Ma\u00dfnahmen versuchen wir sicherzustellen, dass unseren Reiterinnen und Reitern zufriedene, ausgeglichene und gesunde Schulpferde zur Verf\u00fcgung stehen. Unsere Schulpferde Cheyenne Dolly Blue Skaisa Tamira Laurin Janosch Pumuckl Aus dem Leben eines Schulis Schon fr\u00fch am Morgen werde ich von unseren Pflegern mit einer gro\u00dfen Portion Heu geweckt. Wisst ihr wie viel Heu ich am Tag fressen soll?* Egal, ich fr\u00fchst\u00fccke jetzt erstmal gem\u00fctlich und dann geht es f\u00fcr mich raus auf die Koppel. Da kann ich das saftige Gras fressen&hellip;<\/p>\n<p> <a class=\"more-link\" href=\"https:\/\/rufv-gauting.de\/?people=pumuckl\">Weiterlesen<\/a><\/p>\n","protected":false},"author":1,"featured_media":2053,"parent":18,"menu_order":2,"comment_status":"closed","ping_status":"open","template":"","meta":[],"_links":{"self":[{"href":"https:\/\/rufv-gauting.de\/index.php?rest_route=\/wp\/v2\/pages\/30"}],"collection":[{"href":"https:\/\/rufv-gauting.de\/index.php?rest_route=\/wp\/v2\/pages"}],"about":[{"href":"https:\/\/rufv-gauting.de\/index.php?rest_route=\/wp\/v2\/types\/page"}],"author":[{"embeddable":true,"href":"https:\/\/rufv-gauting.de\/index.php?rest_route=\/wp\/v2\/users\/1"}],"replies":[{"embeddable":true,"href":"https:\/\/rufv-gauting.de\/index.php?rest_route=%2Fwp%2Fv2%2Fcomments&post=30"}],"version-history":[{"count":81,"href":"https:\/\/rufv-gauting.de\/index.php?rest_route=\/wp\/v2\/pages\/30\/revisions"}],"predecessor-version":[{"id":2417,"href":"https:\/\/rufv-gauting.de\/index.php?rest_route=\/wp\/v2\/pages\/30\/revisions\/2417"}],"up":[{"embeddable":true,"href":"https:\/\/rufv-gauting.de\/index.php?rest_route=\/wp\/v2\/pages\/18"}],"wp:featuredmedia":[{"embeddable":true,"href":"https:\/\/rufv-gauting.de\/index.php?rest_route=\/wp\/v2\/media\/2053"}],"wp:attachment":[{"href":"https:\/\/rufv-gauting.de\/index.php?rest_route=%2Fwp%2Fv2%2Fmedia&parent=30"}],"curies":[{"name":"wp","href":"https:\/\/api.w.org\/{rel}","templated":true}]}}