{"id":28,"date":"2010-03-15T21:41:22","date_gmt":"2010-03-15T20:41:22","guid":{"rendered":"http:https:\/\/rufv-gauting.de\/?page_id=28"},"modified":"2025-06-12T16:10:33","modified_gmt":"2025-06-12T15:10:33","slug":"einsteller","status":"publish","type":"page","link":"https:\/\/rufv-gauting.de\/?page_id=28","title":{"rendered":"Pensionsbetrieb"},"content":{"rendered":"\n<p>In unserem Verein sind ca. 30 Privatpferde zu Hause. Als Einsteller profitieren Sie von unserer herzlichen und famili\u00e4ren Stallgemeinschaft sowie eine pferdegerechten Haltung und interessanten Trainingsbedingungen.<\/p>\n\n\n\n<p>F\u00fcr die Ausbildung von Pferd und Reiter stehen ihnen im Reit- und Fahrverein Gauting mehrere ausgebildete Reitlehrer\/innen zur Verf\u00fcgung. Neben den laufenden Dressur- und Springstunden f\u00fcr Anf\u00e4nger, Fortgeschrittene und Turnierreiter bietet der Verein auch spezielle Kurse an.<br>Neben dem allj\u00e4hrlichen Vereinsturnier bietet der Verein auch noch ein umfangreiches Kursprogramm (Basispass, Reitabzeichen, kleines und gro\u00dfes Hufeisen, Vierkampf, Zeltlager u.s.w.) vor allem f\u00fcr Kinder und Jugendliche an.<\/p>\n\n\n\n<div class=\"wp-block-columns is-layout-flex wp-container-4\">\n<div class=\"wp-block-column is-layout-flow\">\n<h4><span style=\"font-size: revert; color: #333399;\">Haltung<\/span><\/h4>\n\n\n\n<ul>\n<li>Boxen mit jeweils einem Au\u00dfen- und Innenfenster<\/li>\n\n\n\n<li>Acht Paddockboxen, f\u00fcr die es eine interne Warteliste gibt<\/li>\n\n\n\n<li>T\u00e4glicher, ganzt\u00e4giger Koppelgang (je nach Wetter Graskoppel oder teilbefestigter Paddock mit Heu)<\/li>\n\n\n\n<li>Weitere 14 voll befestigte Paddocks<\/li>\n\n\n\n<li>3x t\u00e4glich Heu- und Kraftfutterf\u00fctterung<\/li>\n\n\n\n<li>Stroh oder Sp\u00e4ne als Einstreu<\/li>\n<\/ul>\n<\/div>\n\n\n\n<div class=\"wp-block-column is-layout-flow\">\n<h4><span style=\"color: #333399;\">Service<\/span><\/h4>\n<ul>\n<li>t\u00e4gliches Misten<\/li>\n<li>Koppelf\u00fchrdienst Montag &#8211; Freitag<\/li>\n<li>3x t\u00e4glich F\u00fctterung<\/li>\n<li>Ein Bundeswehrspind pro Pferd<\/li>\n<li>Solarium<\/li>\n<li>Waschmaschine<\/li>\n<\/ul>\n<\/div>\n\n\n\n<div class=\"wp-block-column is-layout-flow\">\n<h4><span style=\"color: #333399;\">Training<\/span><\/h4>\n<ul>\n<li>Nutzung der gesamten <strong><a href=\"https:\/\/rufv-gauting.de\/?page_id=17\">Reitanlage<\/a><\/strong><\/li>\n<li>Training bei unterschiedlichen <strong><a href=\"https:\/\/rufv-gauting.de\/?page_id=361\">Reitlehrern<\/a><\/strong><\/li>\n<li>wundersch\u00f6nes Ausreitgel\u00e4nde<\/li>\n<\/ul>\n<\/div>\n<\/div>\n\n\n<p><strong>Sie haben Interesse an einer Box? Kontaktieren Sie unsere Betriebsleiterin Stefanie Hrkal per Mail: info@rufv-gauting.de<\/strong><\/p>\n\n\n<div class=\"wp-block-columns is-layout-flex wp-container-5\"><\/div>\n\n\n\n<figure class=\"wp-block-image size-large\"><img decoding=\"async\" loading=\"lazy\" width=\"1024\" height=\"683\" src=\"https:\/\/rufv-gauting.de\/wp-content\/uploads\/C0A0996-1024x683.jpg\" alt=\"\" class=\"wp-image-2135\" title=\"reitplatz\" srcset=\"https:\/\/rufv-gauting.de\/wp-content\/uploads\/C0A0996-1024x683.jpg 1024w, https:\/\/rufv-gauting.de\/wp-content\/uploads\/C0A0996-300x200.jpg 300w, https:\/\/rufv-gauting.de\/wp-content\/uploads\/C0A0996-768x512.jpg 768w, https:\/\/rufv-gauting.de\/wp-content\/uploads\/C0A0996-1536x1024.jpg 1536w, https:\/\/rufv-gauting.de\/wp-content\/uploads\/C0A0996-2048x1365.jpg 2048w\" sizes=\"(max-width: 1024px) 100vw, 1024px\" \/><\/figure>\n\n\n\n<div class=\"wp-block-columns is-layout-flex wp-container-6\"><\/div>\n","protected":false},"excerpt":{"rendered":"<p>In unserem Verein sind ca. 30 Privatpferde zu Hause. Als Einsteller profitieren Sie von unserer herzlichen und famili\u00e4ren Stallgemeinschaft sowie eine pferdegerechten Haltung und interessanten Trainingsbedingungen. F\u00fcr die Ausbildung von Pferd und Reiter stehen ihnen im Reit- und Fahrverein Gauting mehrere ausgebildete Reitlehrer\/innen zur Verf\u00fcgung. Neben den laufenden Dressur- und Springstunden f\u00fcr Anf\u00e4nger, Fortgeschrittene und Turnierreiter bietet der Verein auch spezielle Kurse an.Neben dem allj\u00e4hrlichen Vereinsturnier bietet der Verein auch noch ein umfangreiches Kursprogramm (Basispass, Reitabzeichen, kleines und gro\u00dfes Hufeisen, Vierkampf, Zeltlager u.s.w.) vor allem f\u00fcr Kinder und Jugendliche an. Haltung Service t\u00e4gliches Misten Koppelf\u00fchrdienst Montag &#8211; Freitag 3x t\u00e4glich F\u00fctterung Ein Bundeswehrspind pro Pferd Solarium Waschmaschine Training Nutzung der gesamten Reitanlage Training bei unterschiedlichen Reitlehrern wundersch\u00f6nes Ausreitgel\u00e4nde Sie haben Interesse an einer Box? Kontaktieren Sie unsere Betriebsleiterin Stefanie Hrkal per Mail: info@rufv-gauting.de<\/p>\n","protected":false},"author":1,"featured_media":2131,"parent":0,"menu_order":0,"comment_status":"closed","ping_status":"open","template":"","meta":[],"_links":{"self":[{"href":"https:\/\/rufv-gauting.de\/index.php?rest_route=\/wp\/v2\/pages\/28"}],"collection":[{"href":"https:\/\/rufv-gauting.de\/index.php?rest_route=\/wp\/v2\/pages"}],"about":[{"href":"https:\/\/rufv-gauting.de\/index.php?rest_route=\/wp\/v2\/types\/page"}],"author":[{"embeddable":true,"href":"https:\/\/rufv-gauting.de\/index.php?rest_route=\/wp\/v2\/users\/1"}],"replies":[{"embeddable":true,"href":"https:\/\/rufv-gauting.de\/index.php?rest_route=%2Fwp%2Fv2%2Fcomments&post=28"}],"version-history":[{"count":25,"href":"https:\/\/rufv-gauting.de\/index.php?rest_route=\/wp\/v2\/pages\/28\/revisions"}],"predecessor-version":[{"id":2556,"href":"https:\/\/rufv-gauting.de\/index.php?rest_route=\/wp\/v2\/pages\/28\/revisions\/2556"}],"wp:featuredmedia":[{"embeddable":true,"href":"https:\/\/rufv-gauting.de\/index.php?rest_route=\/wp\/v2\/media\/2131"}],"wp:attachment":[{"href":"https:\/\/rufv-gauting.de\/index.php?rest_route=%2Fwp%2Fv2%2Fmedia&parent=28"}],"curies":[{"name":"wp","href":"https:\/\/api.w.org\/{rel}","templated":true}]}}