{"id":2,"date":"2010-03-15T15:21:55","date_gmt":"2010-03-15T14:21:55","guid":{"rendered":"http:https:\/\/rufv-gauting.de\/?page_id=2"},"modified":"2024-01-14T21:46:49","modified_gmt":"2024-01-14T20:46:49","slug":"eine-seite","status":"publish","type":"page","link":"https:\/\/rufv-gauting.de\/?page_id=2","title":{"rendered":"Verein"},"content":{"rendered":"<p>Der Reit- und Fahrverein Gauting e. V. ist Mitglied des Landesverbandes der Reit- und Fahrvereine in Oberbayern, der Deutschen Reiterlichen Vereinigung e.V. (FN) sowie des Bayerischen Landes-Sportverbandes (BLSV). Die Vereinsmitglieder, egal ob jung oder alt, haben sich in der Holzschleife einen idyllischen Platz geschaffen, an dem sich jeder wohlf\u00fchlt. Verschiedene Aktivit\u00e4ten bringen leben in den Verein, wie zum Beispiel Reitkurse, Ausfl\u00fcge mit der Jugend, Turniere oder Zeltlager im Sommer. Informationen zum Vereinsleben finden Sie auf dieser Homepage und auf unsere Facebook-Seite.<\/p>\n<p><strong>Als Mitglied in unserem Reitverein genie\u00dfen Sie viele Vorteile:<\/strong><\/p>\n<ul>\n<li>Mitglieder erhalten erm\u00e4\u00dfigte Preise auf ALLE Gruppen- oder Einzel-Reitstunden. Egal ob mit eigenem oder mit Schulpferd<\/li>\n<li>Mitglieder k\u00f6nnen die Anlage des Reit- und Fahrvereins Gauting nutzen<\/li>\n<li>Sie sind bei allen Reitstunden, Wochenendkursen und sonstigen reiterlichen Aktivit\u00e4ten versichert<\/li>\n<li>Teilnahme an \u00f6ffentlichen Turnieren<\/li>\n<li>Organisierte Ausfl\u00fcge und Veranstaltungen mit der Jugend<\/li>\n<li>Sonderlehrg\u00e4nge in Dressur und Springen<\/li>\n<li>Teilnahme an Veranstaltungen wie Tag der offenen T\u00fcr, Weihnachtsfeier etc.<\/li>\n<\/ul>\n","protected":false},"excerpt":{"rendered":"<p>Der Reit- und Fahrverein Gauting e. V. ist Mitglied des Landesverbandes der Reit- und Fahrvereine in Oberbayern, der Deutschen Reiterlichen Vereinigung e.V. (FN) sowie des Bayerischen Landes-Sportverbandes (BLSV). Die Vereinsmitglieder, egal ob jung oder alt, haben sich in der Holzschleife einen idyllischen Platz geschaffen, an dem sich jeder wohlf\u00fchlt. Verschiedene Aktivit\u00e4ten bringen leben in den Verein, wie zum Beispiel Reitkurse, Ausfl\u00fcge mit der Jugend, Turniere oder Zeltlager im Sommer. Informationen zum Vereinsleben finden Sie auf dieser Homepage und auf unsere Facebook-Seite. Als Mitglied in unserem Reitverein genie\u00dfen Sie viele Vorteile: Mitglieder erhalten erm\u00e4\u00dfigte Preise auf ALLE Gruppen- oder Einzel-Reitstunden. Egal ob mit eigenem oder mit Schulpferd Mitglieder k\u00f6nnen die Anlage des Reit- und Fahrvereins Gauting nutzen Sie sind bei allen Reitstunden, Wochenendkursen und sonstigen reiterlichen Aktivit\u00e4ten versichert Teilnahme an \u00f6ffentlichen Turnieren Organisierte Ausfl\u00fcge und Veranstaltungen mit der Jugend Sonderlehrg\u00e4nge in Dressur und Springen Teilnahme an Veranstaltungen wie Tag der offenen&hellip;<\/p>\n<p> <a class=\"more-link\" href=\"https:\/\/rufv-gauting.de\/?page_id=2\">Weiterlesen<\/a><\/p>\n","protected":false},"author":1,"featured_media":2135,"parent":0,"menu_order":0,"comment_status":"closed","ping_status":"open","template":"","meta":[],"_links":{"self":[{"href":"https:\/\/rufv-gauting.de\/index.php?rest_route=\/wp\/v2\/pages\/2"}],"collection":[{"href":"https:\/\/rufv-gauting.de\/index.php?rest_route=\/wp\/v2\/pages"}],"about":[{"href":"https:\/\/rufv-gauting.de\/index.php?rest_route=\/wp\/v2\/types\/page"}],"author":[{"embeddable":true,"href":"https:\/\/rufv-gauting.de\/index.php?rest_route=\/wp\/v2\/users\/1"}],"replies":[{"embeddable":true,"href":"https:\/\/rufv-gauting.de\/index.php?rest_route=%2Fwp%2Fv2%2Fcomments&post=2"}],"version-history":[{"count":9,"href":"https:\/\/rufv-gauting.de\/index.php?rest_route=\/wp\/v2\/pages\/2\/revisions"}],"predecessor-version":[{"id":1860,"href":"https:\/\/rufv-gauting.de\/index.php?rest_route=\/wp\/v2\/pages\/2\/revisions\/1860"}],"wp:featuredmedia":[{"embeddable":true,"href":"https:\/\/rufv-gauting.de\/index.php?rest_route=\/wp\/v2\/media\/2135"}],"wp:attachment":[{"href":"https:\/\/rufv-gauting.de\/index.php?rest_route=%2Fwp%2Fv2%2Fmedia&parent=2"}],"curies":[{"name":"wp","href":"https:\/\/api.w.org\/{rel}","templated":true}]}}