{"id":1950,"date":"2020-05-14T10:02:59","date_gmt":"2020-05-14T09:02:59","guid":{"rendered":"https:\/\/rufv-gauting.de\/?page_id=1950"},"modified":"2025-03-29T13:01:13","modified_gmt":"2025-03-29T12:01:13","slug":"startseite","status":"publish","type":"page","link":"https:\/\/rufv-gauting.de\/","title":{"rendered":"Startseite"},"content":{"rendered":"\t\t<div data-elementor-type=\"wp-page\" data-elementor-id=\"1950\" class=\"elementor elementor-1950\">\n\t\t\t\t\t\t<div class=\"elementor-inner\">\n\t\t\t\t<div class=\"elementor-section-wrap\">\n\t\t\t\t\t\t\t\t\t<section class=\"elementor-section elementor-top-section elementor-element elementor-element-ddfe218 elementor-section-stretched elementor-section-full_width elementor-section-height-min-height elementor-section-height-default elementor-section-items-middle\" data-id=\"ddfe218\" data-element_type=\"section\" data-settings=\"{&quot;stretch_section&quot;:&quot;section-stretched&quot;,&quot;background_background&quot;:&quot;slideshow&quot;,&quot;background_slideshow_gallery&quot;:[{&quot;id&quot;:2053,&quot;url&quot;:&quot;https:\\\/\\\/rufv-gauting.de\\\/wp-content\\\/uploads\\\/29365498_2063912930489251_7568548745755754496_o-e1678484016400.jpg&quot;},{&quot;id&quot;:2089,&quot;url&quot;:&quot;https:\\\/\\\/rufv-gauting.de\\\/wp-content\\\/uploads\\\/pap-2-e1589831857725.jpg&quot;},{&quot;id&quot;:2086,&quot;url&quot;:&quot;https:\\\/\\\/rufv-gauting.de\\\/wp-content\\\/uploads\\\/pap-3-e1589831842693.jpg&quot;},{&quot;id&quot;:2156,&quot;url&quot;:&quot;https:\\\/\\\/rufv-gauting.de\\\/wp-content\\\/uploads\\\/C0A2564-scaled.jpg&quot;},{&quot;id&quot;:2133,&quot;url&quot;:&quot;https:\\\/\\\/rufv-gauting.de\\\/wp-content\\\/uploads\\\/C0A2681-scaled-e1678484213178.jpg&quot;},{&quot;id&quot;:1991,&quot;url&quot;:&quot;https:\\\/\\\/rufv-gauting.de\\\/wp-content\\\/uploads\\\/21616087_1983648358515709_5644070302097849260_n-e1589484906436.jpg&quot;}],&quot;background_slideshow_loop&quot;:&quot;yes&quot;,&quot;background_slideshow_slide_duration&quot;:5000,&quot;background_slideshow_slide_transition&quot;:&quot;fade&quot;,&quot;background_slideshow_transition_duration&quot;:500}\">\n\t\t\t\t\t\t<div class=\"elementor-container elementor-column-gap-default\">\n\t\t\t\t\t\t\t<div class=\"elementor-row\">\n\t\t\t\t\t<div class=\"elementor-column elementor-col-100 elementor-top-column elementor-element elementor-element-29a4ecb\" data-id=\"29a4ecb\" data-element_type=\"column\">\n\t\t\t<div class=\"elementor-column-wrap\">\n\t\t\t\t\t\t\t<div class=\"elementor-widget-wrap\">\n\t\t\t\t\t\t\t\t<\/div>\n\t\t\t\t\t<\/div>\n\t\t<\/div>\n\t\t\t\t\t\t\t\t<\/div>\n\t\t\t\t\t<\/div>\n\t\t<\/section>\n\t\t\t\t<section class=\"elementor-section elementor-top-section elementor-element elementor-element-826b87b elementor-section-stretched elementor-section-full_width elementor-section-height-default elementor-section-height-default\" data-id=\"826b87b\" data-element_type=\"section\" data-settings=\"{&quot;stretch_section&quot;:&quot;section-stretched&quot;,&quot;background_background&quot;:&quot;classic&quot;}\">\n\t\t\t\t\t\t<div class=\"elementor-container elementor-column-gap-default\">\n\t\t\t\t\t\t\t<div class=\"elementor-row\">\n\t\t\t\t\t<div class=\"elementor-column elementor-col-100 elementor-top-column elementor-element elementor-element-7bd524d\" data-id=\"7bd524d\" data-element_type=\"column\">\n\t\t\t<div class=\"elementor-column-wrap elementor-element-populated\">\n\t\t\t\t\t\t\t<div class=\"elementor-widget-wrap\">\n\t\t\t\t\t\t<div class=\"elementor-element elementor-element-1a63356 elementor-widget elementor-widget-heading\" data-id=\"1a63356\" data-element_type=\"widget\" data-widget_type=\"heading.default\">\n\t\t\t\t<div class=\"elementor-widget-container\">\n\t\t\t<h2 class=\"elementor-heading-title elementor-size-default\">Herzlich willkommen auf der website des RUFV gauting<\/h2>\t\t<\/div>\n\t\t\t\t<\/div>\n\t\t\t\t\t\t<\/div>\n\t\t\t\t\t<\/div>\n\t\t<\/div>\n\t\t\t\t\t\t\t\t<\/div>\n\t\t\t\t\t<\/div>\n\t\t<\/section>\n\t\t\t\t<section class=\"elementor-section elementor-top-section elementor-element elementor-element-c6c9347 elementor-section-stretched elementor-section-full_width elementor-section-height-default elementor-section-height-default\" data-id=\"c6c9347\" data-element_type=\"section\" data-settings=\"{&quot;stretch_section&quot;:&quot;section-stretched&quot;,&quot;background_background&quot;:&quot;classic&quot;}\">\n\t\t\t\t\t\t<div class=\"elementor-container elementor-column-gap-default\">\n\t\t\t\t\t\t\t<div class=\"elementor-row\">\n\t\t\t\t\t<div class=\"elementor-column elementor-col-100 elementor-top-column elementor-element elementor-element-50f2f6a\" data-id=\"50f2f6a\" data-element_type=\"column\" data-settings=\"{&quot;background_background&quot;:&quot;classic&quot;}\">\n\t\t\t<div class=\"elementor-column-wrap elementor-element-populated\">\n\t\t\t\t\t\t\t<div class=\"elementor-widget-wrap\">\n\t\t\t\t\t\t<div class=\"elementor-element elementor-element-e0b180a elementor-widget elementor-widget-a13fe-post-list\" data-id=\"e0b180a\" data-element_type=\"widget\" data-widget_type=\"a13fe-post-list.default\">\n\t\t\t\t<div class=\"elementor-widget-container\">\n\t\t\t<div class=\"bricks-frame posts-bricks posts-bricks-1  posts_vertical_centered posts-columns-3\"><div class=\"posts-grid-container\" data-margin=\"25\"><div class=\"grid-master\"><\/div><div class=\"archive-item w1 post-2445 post type-post status-publish format-standard has-post-thumbnail category-allgemein\" data-category-1=\"1\" itemtype=\"https:\/\/schema.org\/CreativeWork\" itemscope><div class=\"item-image post-media\"><a href=\"https:\/\/rufv-gauting.de\/?p=2445\"><img width=\"624\" src=\"https:\/\/rufv-gauting.de\/wp-content\/uploads\/apollo13_images\/29365498_2063912930489251_7568548745755754496_o-e1678484016400-7czt4nbsl797rqb22yzlmzh680mi6u8cqe.jpg\" class=\"attachment-624x0x1xx90 size-624x0x1xx90 wp-post-image\" alt=\"\" decoding=\"async\" itemprop=\"image\" \/><\/a><\/div>\n<div class=\"formatter\">\n    <div class=\"real-content hentry\">\n\n        <div class=\"post-meta\"><time class=\"entry-date published updated\" datetime=\"2025-03-29T12:27:00+01:00\" itemprop=\"datePublished\">29. M\u00e4rz 2025<\/time> von <a class=\"vcard author\" href=\"https:\/\/rufv-gauting.de\/?author=2\" title=\"Alle Beitr\u00e4ge von Judith anzeigen\"  itemprop=\"author\"><span class=\"fn\"  itemprop=\"name\">Judith<\/span><\/a>  <a class=\"comments\" href=\"https:\/\/rufv-gauting.de\/?p=2445#respond\"><i class=\"fa fa-comment-o\"><\/i> 0<\/a><span itemprop=\"interactionStatistic\" itemscope itemtype=\"http:\/\/schema.org\/InteractionCounter\">\n    <meta itemprop=\"interactionType\" content=\"http:\/\/schema.org\/CommentAction\"\/>\n    <meta itemprop=\"userInteractionCount\" content=\"0\" \/>\n<\/span><span class=\"separator\"><\/span><div class=\"post-meta-categories\"><a href=\"https:\/\/rufv-gauting.de\/?cat=1\" rel=\"category\">News<\/a><\/div><\/div><h2 class=\"post-title entry-title\" itemprop=\"headline\"><a href=\"https:\/\/rufv-gauting.de\/?p=2445\" itemprop=\"url\">Schnupperreitkurs in den Osterferien<\/a><\/h2>\n        <div class=\"entry-summary\" itemprop=\"text\">\n        <p>In den Osterferien findet vom 21.04- 25.04. t\u00e4glich von 9:00 Uhr bis 12:00 Uhr ein Schnupperreitkurs statt, in dem pferdebegeisterte Kinder im Alter von 5-10 Jahren spielerisch den Umgang mit dem Partner Pferd (bzw. Pony) erlernen und erste Reitversuche wagen. Weitere Informationen, auch zur Anmeldung, erhalten Sie in folgendem Dokument:<\/p>\n        <\/div>\n\n        <div class=\"clear\"><\/div>\n\n                \n    <\/div>\n<\/div><\/div><div class=\"archive-item w1 post-2467 post type-post status-publish format-standard has-post-thumbnail category-allgemein\" data-category-1=\"1\" itemtype=\"https:\/\/schema.org\/CreativeWork\" itemscope><div class=\"item-image post-media\"><a href=\"https:\/\/rufv-gauting.de\/?p=2467\"><img width=\"624\" src=\"https:\/\/rufv-gauting.de\/wp-content\/uploads\/apollo13_images\/29365498_2063912930489251_7568548745755754496_o-e1678484016400-7czt4nbsl797rqb22yzlmzh680mi6u8cqe.jpg\" class=\"attachment-624x0x1xx90 size-624x0x1xx90 wp-post-image\" alt=\"\" decoding=\"async\" itemprop=\"image\" \/><\/a><\/div>\n<div class=\"formatter\">\n    <div class=\"real-content hentry\">\n\n        <div class=\"post-meta\"><time class=\"entry-date published updated\" datetime=\"2024-10-07T19:06:42+01:00\" itemprop=\"datePublished\">7. Oktober 2024<\/time> von <a class=\"vcard author\" href=\"https:\/\/rufv-gauting.de\/?author=2\" title=\"Alle Beitr\u00e4ge von Judith anzeigen\"  itemprop=\"author\"><span class=\"fn\"  itemprop=\"name\">Judith<\/span><\/a>  <a class=\"comments\" href=\"https:\/\/rufv-gauting.de\/?p=2467#respond\"><i class=\"fa fa-comment-o\"><\/i> 0<\/a><span itemprop=\"interactionStatistic\" itemscope itemtype=\"http:\/\/schema.org\/InteractionCounter\">\n    <meta itemprop=\"interactionType\" content=\"http:\/\/schema.org\/CommentAction\"\/>\n    <meta itemprop=\"userInteractionCount\" content=\"0\" \/>\n<\/span><span class=\"separator\"><\/span><div class=\"post-meta-categories\"><a href=\"https:\/\/rufv-gauting.de\/?cat=1\" rel=\"category\">News<\/a><\/div><\/div><h2 class=\"post-title entry-title\" itemprop=\"headline\"><a href=\"https:\/\/rufv-gauting.de\/?p=2467\" itemprop=\"url\">Freie Pl\u00e4tze im Ponykurs<\/a><\/h2>\n        <div class=\"entry-summary\" itemprop=\"text\">\n        <p>Aktuell haben wir freie Pl\u00e4tze in unserer Ponyschule. Weitere Informationen erhalten Sie auf dieser Website. Wenden Sie sich bei Interesse an ponyschule@rufv-gauting.de<\/p>\n        <\/div>\n\n        <div class=\"clear\"><\/div>\n\n                \n    <\/div>\n<\/div><\/div><div class=\"archive-item w1 post-2448 post type-post status-publish format-standard has-post-thumbnail category-allgemein\" data-category-1=\"1\" itemtype=\"https:\/\/schema.org\/CreativeWork\" itemscope><div class=\"item-image post-media\"><a href=\"https:\/\/rufv-gauting.de\/?p=2448\"><img width=\"624\" src=\"https:\/\/rufv-gauting.de\/wp-content\/uploads\/apollo13_images\/Vorstand-2025-7nj6pvjw45adeuq82n0ociqwcs89q2peei.jpg\" class=\"attachment-624x0x1xx90 size-624x0x1xx90 wp-post-image\" alt=\"\" decoding=\"async\" itemprop=\"image\" \/><\/a><\/div>\n<div class=\"formatter\">\n    <div class=\"real-content hentry\">\n\n        <div class=\"post-meta\"><time class=\"entry-date published updated\" datetime=\"2024-02-10T12:50:20+01:00\" itemprop=\"datePublished\">10. Februar 2024<\/time> von <a class=\"vcard author\" href=\"https:\/\/rufv-gauting.de\/?author=2\" title=\"Alle Beitr\u00e4ge von Judith anzeigen\"  itemprop=\"author\"><span class=\"fn\"  itemprop=\"name\">Judith<\/span><\/a>  <a class=\"comments\" href=\"https:\/\/rufv-gauting.de\/?p=2448#respond\"><i class=\"fa fa-comment-o\"><\/i> 0<\/a><span itemprop=\"interactionStatistic\" itemscope itemtype=\"http:\/\/schema.org\/InteractionCounter\">\n    <meta itemprop=\"interactionType\" content=\"http:\/\/schema.org\/CommentAction\"\/>\n    <meta itemprop=\"userInteractionCount\" content=\"0\" \/>\n<\/span><span class=\"separator\"><\/span><div class=\"post-meta-categories\"><a href=\"https:\/\/rufv-gauting.de\/?cat=1\" rel=\"category\">News<\/a><\/div><\/div><h2 class=\"post-title entry-title\" itemprop=\"headline\"><a href=\"https:\/\/rufv-gauting.de\/?p=2448\" itemprop=\"url\">Neuwahlen Vorstand<\/a><\/h2>\n        <div class=\"entry-summary\" itemprop=\"text\">\n        <p>Seit M\u00e4rz 2025 haben wir einen neuen Vorstand. Wir w\u00fcnschen Euch alles Gute!<\/p>\n        <\/div>\n\n        <div class=\"clear\"><\/div>\n\n                \n    <\/div>\n<\/div><\/div><\/div><\/div>\t\t<\/div>\n\t\t\t\t<\/div>\n\t\t\t\t\t\t<\/div>\n\t\t\t\t\t<\/div>\n\t\t<\/div>\n\t\t\t\t\t\t\t\t<\/div>\n\t\t\t\t\t<\/div>\n\t\t<\/section>\n\t\t\t\t<section class=\"elementor-section elementor-top-section elementor-element elementor-element-beb6b90 elementor-section-boxed elementor-section-height-default elementor-section-height-default\" data-id=\"beb6b90\" data-element_type=\"section\">\n\t\t\t\t\t\t<div class=\"elementor-container elementor-column-gap-default\">\n\t\t\t\t\t\t\t<div class=\"elementor-row\">\n\t\t\t\t\t<div class=\"elementor-column elementor-col-100 elementor-top-column elementor-element elementor-element-7e85c2c\" data-id=\"7e85c2c\" data-element_type=\"column\">\n\t\t\t<div class=\"elementor-column-wrap elementor-element-populated\">\n\t\t\t\t\t\t\t<div class=\"elementor-widget-wrap\">\n\t\t\t\t\t\t<div class=\"elementor-element elementor-element-7ae46b7 elementor-widget elementor-widget-text-editor\" data-id=\"7ae46b7\" data-element_type=\"widget\" data-widget_type=\"text-editor.default\">\n\t\t\t\t<div class=\"elementor-widget-container\">\n\t\t\t\t\t\t\t\t<div class=\"elementor-text-editor elementor-clearfix\">\n\t\t\t\t<p><span style=\"font-size: 14px;\">Der Reit- und Fahrverein Gauting e. V. ist Mitglied des Landesverbandes der Reit- und Fahrvereine in Oberbayern, der Deutschen Reiterlichen Vereinigung e.V. (FN) sowie des Bayerischen Landes-Sportverbandes (BLSV). Die Vereinsmitglieder, egal ob jung oder alt, haben sich in der Holzschleife einen idyllischen Platz geschaffen, an dem sich jeder wohlf\u00fchlt. Verschiedene Aktivit\u00e4ten bringen leben in den Verein, wie zum Beispiel Reitkurse, Ausfl\u00fcge mit der Jugend, Turniere oder Zeltlager im Sommer. Auf dieser Website erhalten Sie Informationen rund um das Vereinsleben sowie das Angebot unserer Reitschule sowie des Pensionsbetriebs. Wir freuen uns, Sie bald pers\u00f6nlich auf unserer Anlage begr\u00fc\u00dfen zu d\u00fcrfen.<\/span><\/p>\t\t\t\t\t<\/div>\n\t\t\t\t\t\t<\/div>\n\t\t\t\t<\/div>\n\t\t\t\t\t\t<\/div>\n\t\t\t\t\t<\/div>\n\t\t<\/div>\n\t\t\t\t\t\t\t\t<\/div>\n\t\t\t\t\t<\/div>\n\t\t<\/section>\n\t\t\t\t<section class=\"elementor-section elementor-top-section elementor-element elementor-element-e188476 elementor-section-boxed elementor-section-height-default elementor-section-height-default\" data-id=\"e188476\" data-element_type=\"section\">\n\t\t\t\t\t\t<div class=\"elementor-container elementor-column-gap-default\">\n\t\t\t\t\t\t\t<div class=\"elementor-row\">\n\t\t\t\t\t<div class=\"elementor-column elementor-col-20 elementor-top-column elementor-element elementor-element-77fdeee\" data-id=\"77fdeee\" data-element_type=\"column\">\n\t\t\t<div class=\"elementor-column-wrap\">\n\t\t\t\t\t\t\t<div class=\"elementor-widget-wrap\">\n\t\t\t\t\t\t\t\t<\/div>\n\t\t\t\t\t<\/div>\n\t\t<\/div>\n\t\t\t\t<div class=\"elementor-column elementor-col-20 elementor-top-column elementor-element elementor-element-cc4ee00\" data-id=\"cc4ee00\" data-element_type=\"column\">\n\t\t\t<div class=\"elementor-column-wrap elementor-element-populated\">\n\t\t\t\t\t\t\t<div class=\"elementor-widget-wrap\">\n\t\t\t\t\t\t<div class=\"elementor-element elementor-element-7c33183 elementor-widget elementor-widget-counter\" data-id=\"7c33183\" data-element_type=\"widget\" data-widget_type=\"counter.default\">\n\t\t\t\t<div class=\"elementor-widget-container\">\n\t\t\t\t\t<div class=\"elementor-counter\">\n\t\t\t<div class=\"elementor-counter-number-wrapper\">\n\t\t\t\t<span class=\"elementor-counter-number-prefix\"><\/span>\n\t\t\t\t<span class=\"elementor-counter-number\" data-duration=\"2000\" data-to-value=\"40\" data-from-value=\"0\" data-delimiter=\",\">0<\/span>\n\t\t\t\t<span class=\"elementor-counter-number-suffix\"><\/span>\n\t\t\t<\/div>\n\t\t\t\t\t\t\t<div class=\"elementor-counter-title\">Boxen<\/div>\n\t\t\t\t\t<\/div>\n\t\t\t\t<\/div>\n\t\t\t\t<\/div>\n\t\t\t\t\t\t<\/div>\n\t\t\t\t\t<\/div>\n\t\t<\/div>\n\t\t\t\t<div class=\"elementor-column elementor-col-20 elementor-top-column elementor-element elementor-element-7b7be44\" data-id=\"7b7be44\" data-element_type=\"column\">\n\t\t\t<div class=\"elementor-column-wrap elementor-element-populated\">\n\t\t\t\t\t\t\t<div class=\"elementor-widget-wrap\">\n\t\t\t\t\t\t<div class=\"elementor-element elementor-element-6124cb3 elementor-widget elementor-widget-counter\" data-id=\"6124cb3\" data-element_type=\"widget\" data-widget_type=\"counter.default\">\n\t\t\t\t<div class=\"elementor-widget-container\">\n\t\t\t\t\t<div class=\"elementor-counter\">\n\t\t\t<div class=\"elementor-counter-number-wrapper\">\n\t\t\t\t<span class=\"elementor-counter-number-prefix\"><\/span>\n\t\t\t\t<span class=\"elementor-counter-number\" data-duration=\"2000\" data-to-value=\"200\" data-from-value=\"0\" data-delimiter=\",\">0<\/span>\n\t\t\t\t<span class=\"elementor-counter-number-suffix\"><\/span>\n\t\t\t<\/div>\n\t\t\t\t\t\t\t<div class=\"elementor-counter-title\">Mitglieder<\/div>\n\t\t\t\t\t<\/div>\n\t\t\t\t<\/div>\n\t\t\t\t<\/div>\n\t\t\t\t\t\t<\/div>\n\t\t\t\t\t<\/div>\n\t\t<\/div>\n\t\t\t\t<div class=\"elementor-column elementor-col-20 elementor-top-column elementor-element elementor-element-d148279\" data-id=\"d148279\" data-element_type=\"column\">\n\t\t\t<div class=\"elementor-column-wrap elementor-element-populated\">\n\t\t\t\t\t\t\t<div class=\"elementor-widget-wrap\">\n\t\t\t\t\t\t<div class=\"elementor-element elementor-element-6c0b56e elementor-widget elementor-widget-counter\" data-id=\"6c0b56e\" data-element_type=\"widget\" data-widget_type=\"counter.default\">\n\t\t\t\t<div class=\"elementor-widget-container\">\n\t\t\t\t\t<div class=\"elementor-counter\">\n\t\t\t<div class=\"elementor-counter-number-wrapper\">\n\t\t\t\t<span class=\"elementor-counter-number-prefix\"><\/span>\n\t\t\t\t<span class=\"elementor-counter-number\" data-duration=\"2000\" data-to-value=\"11\" data-from-value=\"0\" data-delimiter=\",\">0<\/span>\n\t\t\t\t<span class=\"elementor-counter-number-suffix\"><\/span>\n\t\t\t<\/div>\n\t\t\t\t\t\t\t<div class=\"elementor-counter-title\">Schulpferde<\/div>\n\t\t\t\t\t<\/div>\n\t\t\t\t<\/div>\n\t\t\t\t<\/div>\n\t\t\t\t\t\t<\/div>\n\t\t\t\t\t<\/div>\n\t\t<\/div>\n\t\t\t\t<div class=\"elementor-column elementor-col-20 elementor-top-column elementor-element elementor-element-aa9f344\" data-id=\"aa9f344\" data-element_type=\"column\">\n\t\t\t<div class=\"elementor-column-wrap\">\n\t\t\t\t\t\t\t<div class=\"elementor-widget-wrap\">\n\t\t\t\t\t\t\t\t<\/div>\n\t\t\t\t\t<\/div>\n\t\t<\/div>\n\t\t\t\t\t\t\t\t<\/div>\n\t\t\t\t\t<\/div>\n\t\t<\/section>\n\t\t\t\t<section class=\"elementor-section elementor-top-section elementor-element elementor-element-b3f5578 elementor-section-boxed elementor-section-height-default elementor-section-height-default\" data-id=\"b3f5578\" data-element_type=\"section\">\n\t\t\t\t\t\t<div class=\"elementor-container elementor-column-gap-default\">\n\t\t\t\t\t\t\t<div class=\"elementor-row\">\n\t\t\t\t\t<div class=\"elementor-column elementor-col-100 elementor-top-column elementor-element elementor-element-bcfd78f\" data-id=\"bcfd78f\" data-element_type=\"column\">\n\t\t\t<div class=\"elementor-column-wrap\">\n\t\t\t\t\t\t\t<div class=\"elementor-widget-wrap\">\n\t\t\t\t\t\t\t\t<\/div>\n\t\t\t\t\t<\/div>\n\t\t<\/div>\n\t\t\t\t\t\t\t\t<\/div>\n\t\t\t\t\t<\/div>\n\t\t<\/section>\n\t\t\t\t<section class=\"elementor-section elementor-top-section elementor-element elementor-element-952b3b3 elementor-section-boxed elementor-section-height-default elementor-section-height-default\" data-id=\"952b3b3\" data-element_type=\"section\">\n\t\t\t\t\t\t<div class=\"elementor-container elementor-column-gap-default\">\n\t\t\t\t\t\t\t<div class=\"elementor-row\">\n\t\t\t\t\t<div class=\"elementor-column elementor-col-100 elementor-top-column elementor-element elementor-element-c3644f2\" data-id=\"c3644f2\" data-element_type=\"column\">\n\t\t\t<div class=\"elementor-column-wrap elementor-element-populated\">\n\t\t\t\t\t\t\t<div class=\"elementor-widget-wrap\">\n\t\t\t\t\t\t<div class=\"elementor-element elementor-element-90c05d7 elementor-widget elementor-widget-text-editor\" data-id=\"90c05d7\" data-element_type=\"widget\" data-widget_type=\"text-editor.default\">\n\t\t\t\t<div class=\"elementor-widget-container\">\n\t\t\t\t\t\t\t\t<div class=\"elementor-text-editor elementor-clearfix\">\n\t\t\t\t<p>Lorem ipsum dolor sit amet, consectetur adipiscing elit. Ut elit tellus, luctus nec ullamcorper mattis, pulvinar dapibus leo.<\/p>\t\t\t\t\t<\/div>\n\t\t\t\t\t\t<\/div>\n\t\t\t\t<\/div>\n\t\t\t\t\t\t<\/div>\n\t\t\t\t\t<\/div>\n\t\t<\/div>\n\t\t\t\t\t\t\t\t<\/div>\n\t\t\t\t\t<\/div>\n\t\t<\/section>\n\t\t\t\t\t\t\t\t\t<\/div>\n\t\t\t<\/div>\n\t\t\t\t\t<\/div>\n\t\t","protected":false},"excerpt":{"rendered":"<p>Herzlich willkommen auf der website des RUFV gauting 7. Oktober 2024 von Judith 0 News Freie Pl\u00e4tze im Ponykurs Aktuell haben wir freie Pl\u00e4tze in unserer Ponyschule. Weitere Informationen erhalten Sie auf dieser Website. Wenden Sie sich bei Interesse an ponyschule@rufv-gauting.de 12. Februar 2024 von Judith 0 News Abschied von Pumuckl Abschied von einem treuen Freund ? Schweren Herzens mussten wir von unserem geliebten Pumi Abschied nehmen. \u00dcber 20 Jahre lang war er ein fester Bestandteil unseres Schulbetriebs und hat unz\u00e4hligen Kindern das Reiten beigebracht. Seine sanfte und lustige Art und seine Geduld haben Generationen von Reitsch\u00fclern gepr\u00e4gt und unvergessliche Momente beschert. Leider mussten wir Pumi [&hellip;] 10. Februar 2024 von Judith 0 News Freie Pl\u00e4tze im Ponykurs Wir haben noch zwei freie Pl\u00e4tze in unserem Ponykurs, der von Ende Februar bis Ende Juli an den Sonntagen au\u00dferhalb der Ferien stattfindet. Der Kurs eignet sich f\u00fcr Kinder im Alter von&hellip;<\/p>\n<p> <a class=\"more-link\" href=\"https:\/\/rufv-gauting.de\/?p=2448\">Weiterlesen<\/a><\/p>\n","protected":false},"author":1,"featured_media":0,"parent":0,"menu_order":0,"comment_status":"closed","ping_status":"closed","template":"elementor_header_footer","meta":[],"_links":{"self":[{"href":"https:\/\/rufv-gauting.de\/index.php?rest_route=\/wp\/v2\/pages\/1950"}],"collection":[{"href":"https:\/\/rufv-gauting.de\/index.php?rest_route=\/wp\/v2\/pages"}],"about":[{"href":"https:\/\/rufv-gauting.de\/index.php?rest_route=\/wp\/v2\/types\/page"}],"author":[{"embeddable":true,"href":"https:\/\/rufv-gauting.de\/index.php?rest_route=\/wp\/v2\/users\/1"}],"replies":[{"embeddable":true,"href":"https:\/\/rufv-gauting.de\/index.php?rest_route=%2Fwp%2Fv2%2Fcomments&post=1950"}],"version-history":[{"count":78,"href":"https:\/\/rufv-gauting.de\/index.php?rest_route=\/wp\/v2\/pages\/1950\/revisions"}],"predecessor-version":[{"id":2490,"href":"https:\/\/rufv-gauting.de\/index.php?rest_route=\/wp\/v2\/pages\/1950\/revisions\/2490"}],"wp:attachment":[{"href":"https:\/\/rufv-gauting.de\/index.php?rest_route=%2Fwp%2Fv2%2Fmedia&parent=1950"}],"curies":[{"name":"wp","href":"https:\/\/api.w.org\/{rel}","templated":true}]}}