{"id":1873,"date":"2019-09-23T19:34:46","date_gmt":"2019-09-23T18:34:46","guid":{"rendered":"http:https:\/\/rufv-gauting.de\/?page_id=1873"},"modified":"2019-09-23T19:34:46","modified_gmt":"2019-09-23T18:34:46","slug":"turnier-2019","status":"publish","type":"page","link":"https:\/\/rufv-gauting.de\/?page_id=1873","title":{"rendered":"Turnier 2019"},"content":{"rendered":"<p>In diesem Jahr veranstalteten wir ein reines Dressurturnier mit Pr\u00fcfungen bis zur Klasse M*. Auch wenn wir in diesem Jahr nicht ganz vom Regen verschont geblieben sind, war es ein rundum gelungenes Wochenende. An dieser Stelle vielen Dank an die Pers\u00f6nlichen Mitglieder der FN, die uns mit einem umfangreichen Turnierpaket ausgestattet haben, \u00fcber das sich alle Beteiligten sehr gefreut haben &#8211; sei es \u00fcber das kostenlose Fliegenspray oder die Regencapes (haben wir in diesem Jahr<span class=\"text_exposed_show\"> beides ben\u00f6tigt), \u00fcber die tollen Ehrenpreise f\u00fcr die Reiter oder als absolutes Highlight \u00fcber die einheitlichen T-Shirts f\u00fcr alle Helfer!<br \/>\nDaran ankn\u00fcpfend vielen Dank an alle Helfer: Wir stemmen das Turnier komplett ehrenamtlich und das w\u00e4re ohne so viele flei\u00dfige H\u00e4nde nicht m\u00f6glich!<br \/>\nNun aber zu unseren Reiterinnen: In der E-Dressur belegte Victoria Johne mit Thorben den 2. Platz und Jana Heinen mit unserem Schulpferd Pumuckl den 6. Platz. Vici und Thorben durften sich anschlie\u00dfend in der A-Dressur noch \u00fcber den 5. Platz freuen.<br \/>\nMarie Neusius und Caruso gingen in der Dressurreiter-L an den Start und belegten dort Rang 4.<br \/>\nMeike Kalus und Johanna K\u00fcbler belegten mit dem Motto &#8222;Cats&#8220; in der Kost\u00fcmk\u00fcr Platz 2.<br \/>\nIm Reiterwettbewerb, der den Abschluss der Turniertage bildete, gingen viele unserer Schulpferdereiter an den Start: Wir gratulieren allen Reiterinnen zu den tollen Siegen und Platzierungen in dieser Pr\u00fcfung und sind nat\u00fcrlich auch sehr stolz auf unsere Schulpferde.<\/span><\/p>\n","protected":false},"excerpt":{"rendered":"<p>In diesem Jahr veranstalteten wir ein reines Dressurturnier mit Pr\u00fcfungen bis zur Klasse M*. Auch wenn wir in diesem Jahr nicht ganz vom Regen verschont geblieben sind, war es ein rundum gelungenes Wochenende. An dieser Stelle vielen Dank an die Pers\u00f6nlichen Mitglieder der FN, die uns mit einem umfangreichen Turnierpaket ausgestattet haben, \u00fcber das sich alle Beteiligten sehr gefreut haben &#8211; sei es \u00fcber das kostenlose Fliegenspray oder die Regencapes (haben wir in diesem Jahr beides ben\u00f6tigt), \u00fcber die tollen Ehrenpreise f\u00fcr die Reiter oder als absolutes Highlight \u00fcber die einheitlichen T-Shirts f\u00fcr alle Helfer! Daran ankn\u00fcpfend vielen Dank an alle Helfer: Wir stemmen das Turnier komplett ehrenamtlich und das w\u00e4re ohne so viele flei\u00dfige H\u00e4nde nicht m\u00f6glich! Nun aber zu unseren Reiterinnen: In der E-Dressur belegte Victoria Johne mit Thorben den 2. Platz und Jana Heinen mit unserem Schulpferd Pumuckl den 6. Platz. Vici und Thorben durften sich anschlie\u00dfend&hellip;<\/p>\n<p> <a class=\"more-link\" href=\"https:\/\/rufv-gauting.de\/?page_id=1873\">Weiterlesen<\/a><\/p>\n","protected":false},"author":1,"featured_media":0,"parent":1018,"menu_order":2,"comment_status":"closed","ping_status":"closed","template":"","meta":[],"_links":{"self":[{"href":"https:\/\/rufv-gauting.de\/index.php?rest_route=\/wp\/v2\/pages\/1873"}],"collection":[{"href":"https:\/\/rufv-gauting.de\/index.php?rest_route=\/wp\/v2\/pages"}],"about":[{"href":"https:\/\/rufv-gauting.de\/index.php?rest_route=\/wp\/v2\/types\/page"}],"author":[{"embeddable":true,"href":"https:\/\/rufv-gauting.de\/index.php?rest_route=\/wp\/v2\/users\/1"}],"replies":[{"embeddable":true,"href":"https:\/\/rufv-gauting.de\/index.php?rest_route=%2Fwp%2Fv2%2Fcomments&post=1873"}],"version-history":[{"count":1,"href":"https:\/\/rufv-gauting.de\/index.php?rest_route=\/wp\/v2\/pages\/1873\/revisions"}],"predecessor-version":[{"id":1874,"href":"https:\/\/rufv-gauting.de\/index.php?rest_route=\/wp\/v2\/pages\/1873\/revisions\/1874"}],"up":[{"embeddable":true,"href":"https:\/\/rufv-gauting.de\/index.php?rest_route=\/wp\/v2\/pages\/1018"}],"wp:attachment":[{"href":"https:\/\/rufv-gauting.de\/index.php?rest_route=%2Fwp%2Fv2%2Fmedia&parent=1873"}],"curies":[{"name":"wp","href":"https:\/\/api.w.org\/{rel}","templated":true}]}}