{"id":17,"date":"2010-03-15T21:14:11","date_gmt":"2010-03-15T20:14:11","guid":{"rendered":"http:https:\/\/rufv-gauting.de\/?page_id=17"},"modified":"2025-04-05T22:00:38","modified_gmt":"2025-04-05T21:00:38","slug":"reitanlage","status":"publish","type":"page","link":"https:\/\/rufv-gauting.de\/?page_id=17","title":{"rendered":"Reitanlage"},"content":{"rendered":"\t\t<div data-elementor-type=\"wp-page\" data-elementor-id=\"17\" class=\"elementor elementor-17\">\n\t\t\t\t\t\t<div class=\"elementor-inner\">\n\t\t\t\t<div class=\"elementor-section-wrap\">\n\t\t\t\t\t\t\t\t\t<section class=\"elementor-section elementor-top-section elementor-element elementor-element-4e13e048 elementor-section-boxed elementor-section-height-default elementor-section-height-default\" data-id=\"4e13e048\" data-element_type=\"section\">\n\t\t\t\t\t\t<div class=\"elementor-container elementor-column-gap-default\">\n\t\t\t\t\t\t\t<div class=\"elementor-row\">\n\t\t\t\t\t<div class=\"elementor-column elementor-col-100 elementor-top-column elementor-element elementor-element-1040849d\" data-id=\"1040849d\" data-element_type=\"column\">\n\t\t\t<div class=\"elementor-column-wrap elementor-element-populated\">\n\t\t\t\t\t\t\t<div class=\"elementor-widget-wrap\">\n\t\t\t\t\t\t<div class=\"elementor-element elementor-element-35627a57 elementor-widget elementor-widget-text-editor\" data-id=\"35627a57\" data-element_type=\"widget\" data-widget_type=\"text-editor.default\">\n\t\t\t\t<div class=\"elementor-widget-container\">\n\t\t\t\t\t\t\t\t<div class=\"elementor-text-editor elementor-clearfix\">\n\t\t\t\t<p><!-- wp:paragraph --><\/p>\n<p>Die Anlage des Reit- und Fahrvereins Gauting e.V. liegt idyllisch von Wald und W\u00fcrm umgeben im W\u00fcrmtal zwischen Gauting und Starnberg. Das Ausreitgel\u00e4nde erreichen Sie direkt von der Reitanlage aus, ohne eine Stra\u00dfe \u00fcberqueren zu m\u00fcssen. Stundenlange Ausritte durch den Forstenrieder Park oder zum Starnberger See sind ein Traum f\u00fcr jeden Naturfreund.<\/p>\n<p><!-- \/wp:paragraph --><\/p>\n<p><!-- wp:media-text {\"mediaId\":1779,\"mediaLink\":\"https:\/\/rufv-gauting.de\/?attachment_id=1779\",\"mediaType\":\"image\"} --><\/p>\n<div class=\"wp-block-media-text alignwide is-stacked-on-mobile\">\n<figure class=\"wp-block-media-text__media\"><img decoding=\"async\" loading=\"lazy\" width=\"1024\" height=\"576\" class=\"wp-image-1779 size-full\" src=\"https:\/\/rufv-gauting.de\/wp-content\/uploads\/Reithalle-1024x576.jpg\" alt=\"\" srcset=\"https:\/\/rufv-gauting.de\/wp-content\/uploads\/Reithalle-1024x576.jpg 1024w, https:\/\/rufv-gauting.de\/wp-content\/uploads\/Reithalle-300x169.jpg 300w, https:\/\/rufv-gauting.de\/wp-content\/uploads\/Reithalle-768x432.jpg 768w, https:\/\/rufv-gauting.de\/wp-content\/uploads\/Reithalle.jpg 1600w\" sizes=\"(max-width: 1024px) 100vw, 1024px\" \/><\/figure>\n<div class=\"wp-block-media-text__content\">\n<p><!-- wp:paragraph {\"placeholder\":\"Inhalt\u2026\"} --><\/p>\n<p><strong>Reithalle<\/strong><\/p>\n<p><!-- \/wp:paragraph --><\/p>\n<p><!-- wp:paragraph {\"placeholder\":\"Inhalt\u2026\"} --><\/p>\n<p>Die Reithalle ist 20&#215;40 Meter gro\u00df und verf\u00fcgt \u00fcber eine Bew\u00e4sserungsanlage. Der hochwertige Boden wird t\u00e4glich gefahren und erm\u00f6glicht so ideale Trainingsbedingungen. Auf der gro\u00dfz\u00fcgigen Trib\u00fcne kann dem Training zusehen.<\/p>\n<p><!-- \/wp:paragraph --><\/p>\n<p><!-- wp:columns --><\/p>\n<div class=\"wp-block-columns\">\n<p><!-- wp:column --><\/p>\n<div class=\"wp-block-column\">&nbsp;<\/div>\n<p><!-- \/wp:column --><\/p>\n<\/div>\n<p><!-- \/wp:columns --><\/p>\n<\/div>\n<\/div>\n<p><!-- \/wp:media-text --><\/p>\n<p><!-- wp:paragraph --><\/p>\n<p><!-- \/wp:paragraph --><\/p>\n<p><!-- wp:media-text {\"mediaId\":2159,\"mediaLink\":\"https:\/\/rufv-gauting.de\/?attachment_id=2159\",\"mediaType\":\"image\"} --><\/p>\n<div class=\"wp-block-media-text alignwide is-stacked-on-mobile\">\n<figure class=\"wp-block-media-text__media\"><img decoding=\"async\" loading=\"lazy\" width=\"1024\" height=\"683\" class=\"wp-image-2159 size-full\" src=\"https:\/\/rufv-gauting.de\/wp-content\/uploads\/C0A2456-1024x683.jpg\" alt=\"\" srcset=\"https:\/\/rufv-gauting.de\/wp-content\/uploads\/C0A2456-1024x683.jpg 1024w, https:\/\/rufv-gauting.de\/wp-content\/uploads\/C0A2456-300x200.jpg 300w, https:\/\/rufv-gauting.de\/wp-content\/uploads\/C0A2456-768x512.jpg 768w, https:\/\/rufv-gauting.de\/wp-content\/uploads\/C0A2456-1536x1024.jpg 1536w, https:\/\/rufv-gauting.de\/wp-content\/uploads\/C0A2456-2048x1365.jpg 2048w\" sizes=\"(max-width: 1024px) 100vw, 1024px\" \/><\/figure>\n<div class=\"wp-block-media-text__content\">\n<p><!-- wp:paragraph {\"placeholder\":\"Inhalt\u2026\"} --><\/p>\n<p><strong>Reitplatz <\/strong><\/p>\n<p><!-- \/wp:paragraph --><\/p>\n<p><!-- wp:paragraph {\"placeholder\":\"Inhalt\u2026\"} --><\/p>\n<p>Der Reitplatz ist 25&#215;45 Meter gro\u00df und verf\u00fcgt \u00fcber Flutlicht sowie eine Bew\u00e4sserungsanlage. Der hochwertige Boden wird t\u00e4glich gefahren und erm\u00f6glicht so ideale Trainingsbedingungen.<\/p>\n<p><!-- \/wp:paragraph --><\/p>\n<p><!-- wp:columns --><\/p>\n<div class=\"wp-block-columns\">\n<p><!-- wp:column --><\/p>\n<div class=\"wp-block-column\">&nbsp;<\/div>\n<p><!-- \/wp:column --><\/p>\n<\/div>\n<p><!-- \/wp:columns --><\/p>\n<\/div>\n<\/div>\n<p><!-- \/wp:media-text --><\/p>\n<p><!-- wp:paragraph --><\/p>\n<p><!-- \/wp:paragraph --><\/p>\n<p><!-- wp:media-text {\"mediaId\":761,\"mediaLink\":\"https:\/\/rufv-gauting.de\/?attachment_id=761\",\"mediaType\":\"image\"} --><\/p>\n<div class=\"wp-block-media-text alignwide is-stacked-on-mobile\">\n<figure class=\"wp-block-media-text__media\"><img decoding=\"async\" loading=\"lazy\" width=\"1024\" height=\"680\" class=\"wp-image-761 size-full\" src=\"https:\/\/rufv-gauting.de\/wp-content\/uploads\/DSC02241_hp-1024x680.jpg\" alt=\"\" srcset=\"https:\/\/rufv-gauting.de\/wp-content\/uploads\/DSC02241_hp-1024x680.jpg 1024w, https:\/\/rufv-gauting.de\/wp-content\/uploads\/DSC02241_hp-300x199.jpg 300w\" sizes=\"(max-width: 1024px) 100vw, 1024px\" \/><\/figure>\n<div class=\"wp-block-media-text__content\">\n<p><!-- wp:paragraph {\"placeholder\":\"Inhalt\u2026\"} --><\/p>\n<p><strong>Longierzirkel<\/strong><\/p>\n<p><!-- \/wp:paragraph --><\/p>\n<p><!-- wp:paragraph {\"placeholder\":\"Inhalt\u2026\"} --><\/p>\n<p>Der Longierzirkel verf\u00fcgt \u00fcber Flutlicht und einen hochwertigen Boden.<\/p>\n<p><!-- \/wp:paragraph --><\/p>\n<p><!-- wp:columns --><\/p>\n<div class=\"wp-block-columns\">\n<p><!-- wp:column --><\/p>\n<div class=\"wp-block-column\">&nbsp;<\/div>\n<p><!-- \/wp:column --><\/p>\n<\/div>\n<p><!-- \/wp:columns --><\/p>\n<\/div>\n<\/div>\n<p><!-- \/wp:media-text --><\/p>\n<p><!-- wp:paragraph --><\/p>\n<p><!-- \/wp:paragraph --><\/p>\n<p><!-- wp:media-text {\"mediaId\":2089,\"mediaLink\":\"https:\/\/rufv-gauting.de\/?attachment_id=2089\",\"mediaType\":\"image\"} --><\/p>\n<div class=\"wp-block-media-text alignwide is-stacked-on-mobile\">\n<figure class=\"wp-block-media-text__media\"><img decoding=\"async\" loading=\"lazy\" width=\"1024\" height=\"423\" class=\"wp-image-2089 size-full\" src=\"https:\/\/rufv-gauting.de\/wp-content\/uploads\/pap-2-e1589831857725-1024x423.jpg\" alt=\"\" srcset=\"https:\/\/rufv-gauting.de\/wp-content\/uploads\/pap-2-e1589831857725-1024x423.jpg 1024w, https:\/\/rufv-gauting.de\/wp-content\/uploads\/pap-2-e1589831857725-300x124.jpg 300w, https:\/\/rufv-gauting.de\/wp-content\/uploads\/pap-2-e1589831857725-768x318.jpg 768w, https:\/\/rufv-gauting.de\/wp-content\/uploads\/pap-2-e1589831857725-1536x635.jpg 1536w, https:\/\/rufv-gauting.de\/wp-content\/uploads\/pap-2-e1589831857725.jpg 1995w\" sizes=\"(max-width: 1024px) 100vw, 1024px\" \/><\/figure>\n<div class=\"wp-block-media-text__content\">\n<p><!-- wp:paragraph {\"placeholder\":\"Inhalt\u2026\"} --><\/p>\n<p><strong>Springplatz<\/strong><\/p>\n<p><!-- \/wp:paragraph --><\/p>\n<p><!-- wp:paragraph {\"placeholder\":\"Inhalt\u2026\"} --><\/p>\n<p>Der gesandete Grasspringplatz mit umfangreichem Sprungmaterial wird jeden Sommer aufgebaut.<\/p>\n<p><!-- \/wp:paragraph --><\/p>\n<p><!-- wp:columns --><\/p>\n<div class=\"wp-block-columns\">\n<p><!-- wp:column --><\/p>\n<div class=\"wp-block-column\">&nbsp;<\/div>\n<p><!-- \/wp:column --><\/p>\n<\/div>\n<p><!-- \/wp:columns --><\/p>\n<\/div>\n<\/div>\n<p><!-- \/wp:media-text --><\/p>\n<p><!-- wp:paragraph --><\/p>\n<p><!-- \/wp:paragraph --><\/p>\n<p><!-- wp:media-text {\"mediaId\":2089,\"mediaLink\":\"https:\/\/rufv-gauting.de\/?attachment_id=2089\",\"mediaType\":\"image\"} --><\/p>\n<div class=\"wp-block-media-text alignwide is-stacked-on-mobile\">\n<figure class=\"wp-block-media-text__media\"><br><\/figure>\n<div class=\"wp-block-media-text__content\">\n<p><!-- wp:paragraph {\"placeholder\":\"Inhalt\u2026\"} --><\/p>\n<p><strong>Solarium<\/strong><\/p>\n<p><!-- \/wp:paragraph --><\/p>\n<p><!-- wp:paragraph {\"placeholder\":\"Inhalt\u2026\"} --><\/p>\n<p>Im Hauptstall steht unseren Pferden ein Solarium mit Infrarotlicht zur Verf\u00fcgung.<\/p>\n<p><!-- \/wp:paragraph --><\/p>\n<p><!-- wp:columns --><\/p>\n<div class=\"wp-block-columns\">\n<p><!-- wp:column --><\/p>\n<div class=\"wp-block-column\">&nbsp;<\/div>\n<p><!-- \/wp:column --><\/p>\n<\/div>\n<p><!-- \/wp:columns --><\/p>\n<\/div>\n<\/div>\n<p><!-- \/wp:media-text --><\/p>\n<p><!-- wp:paragraph --><\/p>\n<p><!-- \/wp:paragraph --><\/p>\n<p><!-- wp:paragraph --><\/p>\n<p><!-- \/wp:paragraph --><\/p>\n<p><!-- wp:media-text {\"mediaId\":1556,\"mediaLink\":\"https:\/\/rufv-gauting.de\/?attachment_id=1556\",\"mediaType\":\"image\"} --><\/p>\n<div class=\"wp-block-media-text alignwide is-stacked-on-mobile\">\n<figure class=\"wp-block-media-text__media\"><img decoding=\"async\" loading=\"lazy\" width=\"768\" height=\"1024\" class=\"wp-image-1556 size-full\" src=\"https:\/\/rufv-gauting.de\/wp-content\/uploads\/IMG-20170107-WA0000-768x1024.jpg\" alt=\"\" srcset=\"https:\/\/rufv-gauting.de\/wp-content\/uploads\/IMG-20170107-WA0000-768x1024.jpg 768w, https:\/\/rufv-gauting.de\/wp-content\/uploads\/IMG-20170107-WA0000-225x300.jpg 225w, https:\/\/rufv-gauting.de\/wp-content\/uploads\/IMG-20170107-WA0000.jpg 1200w\" sizes=\"(max-width: 768px) 100vw, 768px\" \/><\/figure>\n<div class=\"wp-block-media-text__content\">\n<p><!-- wp:paragraph {\"placeholder\":\"Inhalt\u2026\"} --><\/p>\n<p><strong>Ausreitgel\u00e4nde<\/strong><\/p>\n<p><!-- \/wp:paragraph --><\/p>\n<p><!-- wp:paragraph {\"placeholder\":\"Inhalt\u2026\"} --><\/p>\n<p>Das Ausreitgel\u00e4nde erstreckt sich bis hin zum Forstenrieder Park und Starnberger See.<\/p>\n<p><!-- \/wp:paragraph --><\/p>\n<p><!-- wp:columns --><\/p>\n<div class=\"wp-block-columns\">\n<p><!-- wp:column --><\/p>\n<div class=\"wp-block-column\">&nbsp;<\/div>\n<p><!-- \/wp:column --><\/p>\n<\/div>\n<p><!-- \/wp:columns --><\/p>\n<\/div>\n<\/div>\n<p><!-- \/wp:media-text --><\/p>\n<p><!-- wp:paragraph --><\/p>\n<p><!-- \/wp:paragraph --><\/p>\n<p><!-- wp:media-text {\"mediaId\":2156,\"mediaLink\":\"https:\/\/rufv-gauting.de\/?attachment_id=2156\",\"mediaType\":\"image\"} --><\/p>\n<div class=\"wp-block-media-text alignwide is-stacked-on-mobile\">\n<figure class=\"wp-block-media-text__media\"><\/figure>\n<div class=\"wp-block-media-text__content\">\n<p><!-- wp:paragraph {\"placeholder\":\"Inhalt\u2026\"} --><\/p>\n<p><strong>St\u00fcberl<\/strong><\/p>\n<p><!-- \/wp:paragraph --><\/p>\n<p><!-- wp:paragraph {\"placeholder\":\"Inhalt\u2026\"} --><\/p>\n<p>Das gem\u00fctliche St\u00fcberl wurde von Vereinsmitgliedern ausgebaut und verf\u00fcgt \u00fcber eine gut ausgestattete K\u00fcche sowie eine Waschmaschine f\u00fcr Pferdedecken.<\/p>\n<p><!-- \/wp:paragraph --><\/p>\n<p><!-- wp:columns --><\/p>\n<div class=\"wp-block-columns\">\n<p><!-- wp:column --><\/p>\n<div class=\"wp-block-column\">&nbsp;<\/div>\n<p><!-- \/wp:column --><\/p>\n<\/div>\n<p><!-- \/wp:columns --><\/p>\n<\/div>\n<\/div>\n<p><!-- \/wp:media-text --><\/p>\n<p><!-- wp:paragraph --><\/p>\n<p><!-- \/wp:paragraph --><\/p>\n<p><!-- wp:media-text {\"mediaId\":2156,\"mediaLink\":\"https:\/\/rufv-gauting.de\/?attachment_id=2156\",\"mediaType\":\"image\"} --><\/p>\n<div class=\"wp-block-media-text alignwide is-stacked-on-mobile\">\n<figure class=\"wp-block-media-text__media\"><a href=\"https:\/\/rufv-gauting.de\/wp-content\/uploads\/5970f8a5-7856-4fd7-9485-f667175715be.jpg\"><img decoding=\"async\" loading=\"lazy\" class=\"alignnone size-medium wp-image-2372\" src=\"https:\/\/rufv-gauting.de\/wp-content\/uploads\/5970f8a5-7856-4fd7-9485-f667175715be-225x300.jpg\" alt=\"\" width=\"225\" height=\"300\" srcset=\"https:\/\/rufv-gauting.de\/wp-content\/uploads\/5970f8a5-7856-4fd7-9485-f667175715be-225x300.jpg 225w, https:\/\/rufv-gauting.de\/wp-content\/uploads\/5970f8a5-7856-4fd7-9485-f667175715be.jpg 768w\" sizes=\"(max-width: 225px) 100vw, 225px\" \/><\/a><\/figure>\n<div class=\"wp-block-media-text__content\">\n<p><!-- wp:paragraph {\"placeholder\":\"Inhalt\u2026\"} --><\/p>\n<p><strong>Au\u00dfengel\u00e4nde<\/strong><\/p>\n<p><!-- \/wp:paragraph --><\/p>\n<p><!-- wp:paragraph {\"placeholder\":\"Inhalt\u2026\"} --><\/p>\n<p>Eine Sonnenterrasse sowie weitere idyllische Sitzgelegenheiten werden von den Vereinsmitgliedern regelm\u00e4\u00dfig zum Grillen, Kaffeetrinken und netten Beisammensein genutzt.<\/p>\n<p><!-- \/wp:paragraph --><\/p>\n<p><!-- wp:columns --><\/p>\n<div class=\"wp-block-columns\">\n<p><!-- wp:column --><\/p>\n<div class=\"wp-block-column\">&nbsp;<\/div>\n<p><!-- \/wp:column --><\/p>\n<\/div>\n<p><!-- \/wp:columns --><\/p>\n<\/div>\n<\/div>\n<p><!-- \/wp:media-text --><\/p>\t\t\t\t\t<\/div>\n\t\t\t\t\t\t<\/div>\n\t\t\t\t<\/div>\n\t\t\t\t\t\t<\/div>\n\t\t\t\t\t<\/div>\n\t\t<\/div>\n\t\t\t\t\t\t\t\t<\/div>\n\t\t\t\t\t<\/div>\n\t\t<\/section>\n\t\t\t\t\t\t\t\t\t<\/div>\n\t\t\t<\/div>\n\t\t\t\t\t<\/div>\n\t\t","protected":false},"excerpt":{"rendered":"<p>Die Anlage des Reit- und Fahrvereins Gauting e.V. liegt idyllisch von Wald und W\u00fcrm umgeben im W\u00fcrmtal zwischen Gauting und Starnberg. Das Ausreitgel\u00e4nde erreichen Sie direkt von der Reitanlage aus, ohne eine Stra\u00dfe \u00fcberqueren zu m\u00fcssen. Stundenlange Ausritte durch den Forstenrieder Park oder zum Starnberger See sind ein Traum f\u00fcr jeden Naturfreund.<\/p>\n","protected":false},"author":1,"featured_media":2247,"parent":0,"menu_order":0,"comment_status":"closed","ping_status":"open","template":"","meta":[],"_links":{"self":[{"href":"https:\/\/rufv-gauting.de\/index.php?rest_route=\/wp\/v2\/pages\/17"}],"collection":[{"href":"https:\/\/rufv-gauting.de\/index.php?rest_route=\/wp\/v2\/pages"}],"about":[{"href":"https:\/\/rufv-gauting.de\/index.php?rest_route=\/wp\/v2\/types\/page"}],"author":[{"embeddable":true,"href":"https:\/\/rufv-gauting.de\/index.php?rest_route=\/wp\/v2\/users\/1"}],"replies":[{"embeddable":true,"href":"https:\/\/rufv-gauting.de\/index.php?rest_route=%2Fwp%2Fv2%2Fcomments&post=17"}],"version-history":[{"count":14,"href":"https:\/\/rufv-gauting.de\/index.php?rest_route=\/wp\/v2\/pages\/17\/revisions"}],"predecessor-version":[{"id":2526,"href":"https:\/\/rufv-gauting.de\/index.php?rest_route=\/wp\/v2\/pages\/17\/revisions\/2526"}],"wp:featuredmedia":[{"embeddable":true,"href":"https:\/\/rufv-gauting.de\/index.php?rest_route=\/wp\/v2\/media\/2247"}],"wp:attachment":[{"href":"https:\/\/rufv-gauting.de\/index.php?rest_route=%2Fwp%2Fv2%2Fmedia&parent=17"}],"curies":[{"name":"wp","href":"https:\/\/api.w.org\/{rel}","templated":true}]}}