{"id":1469,"date":"2016-06-21T21:42:57","date_gmt":"2016-06-21T20:42:57","guid":{"rendered":"http:https:\/\/rufv-gauting.de\/?page_id=1469"},"modified":"2019-09-23T19:32:04","modified_gmt":"2019-09-23T18:32:04","slug":"ausschreibung","status":"publish","type":"page","link":"https:\/\/rufv-gauting.de\/?page_id=1469","title":{"rendered":"Turnier 2018"},"content":{"rendered":"<p>Nun liegt es auch schon wieder hinter uns &#8211; unser Sommerturnier 2018. Bevor wir \u00fcber die beiden Tage berichten, m\u00f6chten wir uns ganz herzlich bei allen Helfern bedanken, die sowohl im Verlauf der beiden Turniertage aber insbesondere in den Wochen davor unglaublich viel Arbeit in das Turnier investiert haben: Von Unkraut zupfen, \u00fcber Sponsoren suchen bis hin zu Gastro aufbauen \u2013 ohne euch w\u00fcrde es nicht gehen!<\/p>\n<p>Genauso wichtig f\u00fcr die Durchf\u00fchrung eines solchen Turniers sind f\u00fcr einen Verein Sponsoren. Vielen herzlichen Dank an alle Sponsoren f\u00fcr die Unterst\u00fctzung!<br \/>\nNun hatten wir in diesem Jahr leider wirklich Pech mit dem Wetter.\u00a0<span class=\"text_exposed_show\">Aber dann wird es n\u00e4chstes Jahr bestimmt besser\u00a0<span class=\"_47e3 _5mfr\" title=\"\u201esmile\u201c-Emoticon\"><span class=\"_7oe\">\ud83d\ude42<\/span><\/span>\u00a0Unsere Reiterinnen durften sich \u00fcber einige sch\u00f6ne Platzierungen freuen: Viktoria Johne wurde auf Thorben 6. in der Dressurreiter-A (7,0). Marie Neust\u00e4dter auf Caruso und Judith Wagenknecht auf Don Henry teilten sich in der A**-Dressur mit einer Note von 7,3 den 4. Platz. Noch besser lief es f\u00fcr Marie und Caruso in der Reiter-L: Eine Wertnote von 7,4 bedeutete hier Platz 2. Die Mannschafts-A-Dressur konnte unsere Mannschaft, bestehend aus Marie Neust\u00e4dter, Judith Wagenknecht, Laura Neumann und Viktoria Johne mit tollen Einzelnoten und einem Gesamteindruck von 8,5 gewinnen. Laura Neumann stellte hierbei unser Schulpferd Rafinesse vor. Unter dem Motto \u201eCats\u201c starteten Johanna K\u00fcbler und Meike Kalus mit unseren Schulpferden Funtime und Susi in der Kost\u00fcm-K\u00fcr und konnten auch diese Pr\u00fcfung f\u00fcr sich entscheiden.<br \/>\nUnd auch im Parcours erzielten unsere Reiterinnen sch\u00f6ne Erfolge: Im Springreiterwettbewerb belegten unsere Schulpferdereiter Platz 4, 11 und 13. Ronja V\u00f6lk belegte mit Loretta im E-Stilspringen mit einer Wertnote von 7.6 Platz 2. Im Mannschafts-E-Springen erreichte unsere Mannschaft (Ronja V\u00f6lk, Viktoria Johne, Celina Fahrenberg, Jana Heinen) den 2. Platz. Und auch in den \u201eSpa\u00dfpr\u00fcfungen\u201c Jump and Dog und Jump and Run gingen drei Platzierungen und ein Sieg auf das Konto unsere Reiterinnen.<\/span><\/p>\n<p>Hier nun einige Impressionen der beiden Turniertage:<\/p>\n<p><img decoding=\"async\" loading=\"lazy\" class=\"aligncenter size-medium wp-image-1693\" src=\"https:\/\/rufv-gauting.de\/wp-content\/uploads\/Turnier1-300x225.jpg\" alt=\"Turnier1\" width=\"300\" height=\"225\" srcset=\"https:\/\/rufv-gauting.de\/wp-content\/uploads\/Turnier1-300x225.jpg 300w, https:\/\/rufv-gauting.de\/wp-content\/uploads\/Turnier1-768x576.jpg 768w, https:\/\/rufv-gauting.de\/wp-content\/uploads\/Turnier1-1024x768.jpg 1024w, https:\/\/rufv-gauting.de\/wp-content\/uploads\/Turnier1.jpg 1600w\" sizes=\"(max-width: 300px) 100vw, 300px\" \/><\/p>\n<p style=\"text-align: center;\"><img decoding=\"async\" loading=\"lazy\" class=\"aligncenter size-medium wp-image-1694\" src=\"https:\/\/rufv-gauting.de\/wp-content\/uploads\/Turnier2-300x225.jpg\" alt=\"Turnier2\" width=\"300\" height=\"225\" srcset=\"https:\/\/rufv-gauting.de\/wp-content\/uploads\/Turnier2-300x225.jpg 300w, https:\/\/rufv-gauting.de\/wp-content\/uploads\/Turnier2-768x576.jpg 768w, https:\/\/rufv-gauting.de\/wp-content\/uploads\/Turnier2-1024x768.jpg 1024w, https:\/\/rufv-gauting.de\/wp-content\/uploads\/Turnier2.jpg 1600w\" sizes=\"(max-width: 300px) 100vw, 300px\" \/><\/p>\n<p><img decoding=\"async\" loading=\"lazy\" class=\"size-medium wp-image-1695\" src=\"https:\/\/rufv-gauting.de\/wp-content\/uploads\/1-300x225.jpg\" alt=\"OLYMPUS DIGITAL CAMERA\" width=\"300\" height=\"225\" srcset=\"https:\/\/rufv-gauting.de\/wp-content\/uploads\/1-300x225.jpg 300w, https:\/\/rufv-gauting.de\/wp-content\/uploads\/1-768x576.jpg 768w, https:\/\/rufv-gauting.de\/wp-content\/uploads\/1-1024x768.jpg 1024w\" sizes=\"(max-width: 300px) 100vw, 300px\" \/><\/p>\n<p><img decoding=\"async\" loading=\"lazy\" class=\"size-medium wp-image-1696\" src=\"https:\/\/rufv-gauting.de\/wp-content\/uploads\/2-225x300.jpg\" alt=\"OLYMPUS DIGITAL CAMERA\" width=\"225\" height=\"300\" srcset=\"https:\/\/rufv-gauting.de\/wp-content\/uploads\/2-225x300.jpg 225w, https:\/\/rufv-gauting.de\/wp-content\/uploads\/2-768x1024.jpg 768w, https:\/\/rufv-gauting.de\/wp-content\/uploads\/2.jpg 1728w\" sizes=\"(max-width: 225px) 100vw, 225px\" \/><\/p>\n<p><img decoding=\"async\" loading=\"lazy\" class=\"size-medium wp-image-1697\" src=\"https:\/\/rufv-gauting.de\/wp-content\/uploads\/3-300x225.jpg\" alt=\"OLYMPUS DIGITAL CAMERA\" width=\"300\" height=\"225\" srcset=\"https:\/\/rufv-gauting.de\/wp-content\/uploads\/3-300x225.jpg 300w, https:\/\/rufv-gauting.de\/wp-content\/uploads\/3-768x576.jpg 768w, https:\/\/rufv-gauting.de\/wp-content\/uploads\/3-1024x768.jpg 1024w\" sizes=\"(max-width: 300px) 100vw, 300px\" \/><\/p>\n<p><img decoding=\"async\" loading=\"lazy\" class=\"size-medium wp-image-1698\" src=\"https:\/\/rufv-gauting.de\/wp-content\/uploads\/4-300x225.jpg\" alt=\"OLYMPUS DIGITAL CAMERA\" width=\"300\" height=\"225\" srcset=\"https:\/\/rufv-gauting.de\/wp-content\/uploads\/4-300x225.jpg 300w, https:\/\/rufv-gauting.de\/wp-content\/uploads\/4-768x576.jpg 768w, https:\/\/rufv-gauting.de\/wp-content\/uploads\/4-1024x768.jpg 1024w\" sizes=\"(max-width: 300px) 100vw, 300px\" \/><\/p>\n<p><img decoding=\"async\" loading=\"lazy\" class=\"size-medium wp-image-1699\" src=\"https:\/\/rufv-gauting.de\/wp-content\/uploads\/5-300x225.jpg\" alt=\"OLYMPUS DIGITAL CAMERA\" width=\"300\" height=\"225\" srcset=\"https:\/\/rufv-gauting.de\/wp-content\/uploads\/5-300x225.jpg 300w, https:\/\/rufv-gauting.de\/wp-content\/uploads\/5-768x576.jpg 768w, https:\/\/rufv-gauting.de\/wp-content\/uploads\/5-1024x768.jpg 1024w\" sizes=\"(max-width: 300px) 100vw, 300px\" \/><\/p>\n<p><img decoding=\"async\" loading=\"lazy\" class=\"size-medium wp-image-1700\" src=\"https:\/\/rufv-gauting.de\/wp-content\/uploads\/6-300x225.jpg\" alt=\"OLYMPUS DIGITAL CAMERA\" width=\"300\" height=\"225\" srcset=\"https:\/\/rufv-gauting.de\/wp-content\/uploads\/6-300x225.jpg 300w, https:\/\/rufv-gauting.de\/wp-content\/uploads\/6-768x576.jpg 768w, https:\/\/rufv-gauting.de\/wp-content\/uploads\/6-1024x768.jpg 1024w\" sizes=\"(max-width: 300px) 100vw, 300px\" \/><\/p>\n<p><img decoding=\"async\" loading=\"lazy\" class=\"size-medium wp-image-1701\" src=\"https:\/\/rufv-gauting.de\/wp-content\/uploads\/7-300x225.jpg\" alt=\"OLYMPUS DIGITAL CAMERA\" width=\"300\" height=\"225\" srcset=\"https:\/\/rufv-gauting.de\/wp-content\/uploads\/7-300x225.jpg 300w, https:\/\/rufv-gauting.de\/wp-content\/uploads\/7-768x576.jpg 768w, https:\/\/rufv-gauting.de\/wp-content\/uploads\/7-1024x768.jpg 1024w\" sizes=\"(max-width: 300px) 100vw, 300px\" \/><\/p>\n<p><img decoding=\"async\" loading=\"lazy\" class=\"size-medium wp-image-1702\" src=\"https:\/\/rufv-gauting.de\/wp-content\/uploads\/8-300x225.jpg\" alt=\"OLYMPUS DIGITAL CAMERA\" width=\"300\" height=\"225\" srcset=\"https:\/\/rufv-gauting.de\/wp-content\/uploads\/8-300x225.jpg 300w, https:\/\/rufv-gauting.de\/wp-content\/uploads\/8-768x576.jpg 768w, https:\/\/rufv-gauting.de\/wp-content\/uploads\/8-1024x768.jpg 1024w\" sizes=\"(max-width: 300px) 100vw, 300px\" \/><\/p>\n<p><img decoding=\"async\" loading=\"lazy\" class=\"size-medium wp-image-1703\" src=\"https:\/\/rufv-gauting.de\/wp-content\/uploads\/10-225x300.jpg\" alt=\"OLYMPUS DIGITAL CAMERA\" width=\"225\" height=\"300\" srcset=\"https:\/\/rufv-gauting.de\/wp-content\/uploads\/10-225x300.jpg 225w, https:\/\/rufv-gauting.de\/wp-content\/uploads\/10-768x1024.jpg 768w, https:\/\/rufv-gauting.de\/wp-content\/uploads\/10.jpg 1728w\" sizes=\"(max-width: 225px) 100vw, 225px\" \/><\/p>\n<p><img decoding=\"async\" loading=\"lazy\" class=\"size-medium wp-image-1704\" src=\"https:\/\/rufv-gauting.de\/wp-content\/uploads\/11-300x225.jpg\" alt=\"OLYMPUS DIGITAL CAMERA\" width=\"300\" height=\"225\" srcset=\"https:\/\/rufv-gauting.de\/wp-content\/uploads\/11-300x225.jpg 300w, https:\/\/rufv-gauting.de\/wp-content\/uploads\/11-768x576.jpg 768w, https:\/\/rufv-gauting.de\/wp-content\/uploads\/11-1024x768.jpg 1024w\" sizes=\"(max-width: 300px) 100vw, 300px\" \/><\/p>\n<p><img decoding=\"async\" loading=\"lazy\" class=\"size-medium wp-image-1705\" src=\"https:\/\/rufv-gauting.de\/wp-content\/uploads\/12-300x225.jpg\" alt=\"OLYMPUS DIGITAL CAMERA\" width=\"300\" height=\"225\" srcset=\"https:\/\/rufv-gauting.de\/wp-content\/uploads\/12-300x225.jpg 300w, https:\/\/rufv-gauting.de\/wp-content\/uploads\/12-768x576.jpg 768w, https:\/\/rufv-gauting.de\/wp-content\/uploads\/12-1024x768.jpg 1024w\" sizes=\"(max-width: 300px) 100vw, 300px\" \/><\/p>\n<p><img decoding=\"async\" loading=\"lazy\" class=\"size-medium wp-image-1706\" src=\"https:\/\/rufv-gauting.de\/wp-content\/uploads\/13-300x225.jpg\" alt=\"OLYMPUS DIGITAL CAMERA\" width=\"300\" height=\"225\" srcset=\"https:\/\/rufv-gauting.de\/wp-content\/uploads\/13-300x225.jpg 300w, https:\/\/rufv-gauting.de\/wp-content\/uploads\/13-768x576.jpg 768w, https:\/\/rufv-gauting.de\/wp-content\/uploads\/13-1024x768.jpg 1024w\" sizes=\"(max-width: 300px) 100vw, 300px\" \/><\/p>\n<p><img decoding=\"async\" loading=\"lazy\" class=\"size-medium wp-image-1707\" src=\"https:\/\/rufv-gauting.de\/wp-content\/uploads\/14-300x225.jpg\" alt=\"OLYMPUS DIGITAL CAMERA\" width=\"300\" height=\"225\" srcset=\"https:\/\/rufv-gauting.de\/wp-content\/uploads\/14-300x225.jpg 300w, https:\/\/rufv-gauting.de\/wp-content\/uploads\/14-768x576.jpg 768w, https:\/\/rufv-gauting.de\/wp-content\/uploads\/14-1024x768.jpg 1024w\" sizes=\"(max-width: 300px) 100vw, 300px\" \/><\/p>\n<p><img decoding=\"async\" loading=\"lazy\" class=\"size-medium wp-image-1708\" src=\"https:\/\/rufv-gauting.de\/wp-content\/uploads\/15-300x225.jpg\" alt=\"OLYMPUS DIGITAL CAMERA\" width=\"300\" height=\"225\" srcset=\"https:\/\/rufv-gauting.de\/wp-content\/uploads\/15-300x225.jpg 300w, https:\/\/rufv-gauting.de\/wp-content\/uploads\/15-768x576.jpg 768w, https:\/\/rufv-gauting.de\/wp-content\/uploads\/15-1024x768.jpg 1024w\" sizes=\"(max-width: 300px) 100vw, 300px\" \/><\/p>\n<p><img decoding=\"async\" loading=\"lazy\" class=\"size-medium wp-image-1709\" src=\"https:\/\/rufv-gauting.de\/wp-content\/uploads\/16-300x225.jpg\" alt=\"OLYMPUS DIGITAL CAMERA\" width=\"300\" height=\"225\" srcset=\"https:\/\/rufv-gauting.de\/wp-content\/uploads\/16-300x225.jpg 300w, https:\/\/rufv-gauting.de\/wp-content\/uploads\/16-768x576.jpg 768w, https:\/\/rufv-gauting.de\/wp-content\/uploads\/16-1024x768.jpg 1024w\" sizes=\"(max-width: 300px) 100vw, 300px\" \/><\/p>\n<p><img decoding=\"async\" loading=\"lazy\" class=\"size-medium wp-image-1710\" src=\"https:\/\/rufv-gauting.de\/wp-content\/uploads\/17-300x225.jpg\" alt=\"OLYMPUS DIGITAL CAMERA\" width=\"300\" height=\"225\" srcset=\"https:\/\/rufv-gauting.de\/wp-content\/uploads\/17-300x225.jpg 300w, https:\/\/rufv-gauting.de\/wp-content\/uploads\/17-768x576.jpg 768w, https:\/\/rufv-gauting.de\/wp-content\/uploads\/17-1024x768.jpg 1024w\" sizes=\"(max-width: 300px) 100vw, 300px\" \/><\/p>\n<p><img decoding=\"async\" loading=\"lazy\" class=\"size-medium wp-image-1711\" src=\"https:\/\/rufv-gauting.de\/wp-content\/uploads\/18-300x225.jpg\" alt=\"OLYMPUS DIGITAL CAMERA\" width=\"300\" height=\"225\" srcset=\"https:\/\/rufv-gauting.de\/wp-content\/uploads\/18-300x225.jpg 300w, https:\/\/rufv-gauting.de\/wp-content\/uploads\/18-768x576.jpg 768w, https:\/\/rufv-gauting.de\/wp-content\/uploads\/18-1024x768.jpg 1024w\" sizes=\"(max-width: 300px) 100vw, 300px\" \/><\/p>\n<p><img decoding=\"async\" loading=\"lazy\" class=\"size-medium wp-image-1712\" src=\"https:\/\/rufv-gauting.de\/wp-content\/uploads\/19-300x225.jpg\" alt=\"OLYMPUS DIGITAL CAMERA\" width=\"300\" height=\"225\" srcset=\"https:\/\/rufv-gauting.de\/wp-content\/uploads\/19-300x225.jpg 300w, https:\/\/rufv-gauting.de\/wp-content\/uploads\/19-768x576.jpg 768w, https:\/\/rufv-gauting.de\/wp-content\/uploads\/19-1024x768.jpg 1024w\" sizes=\"(max-width: 300px) 100vw, 300px\" \/><\/p>\n","protected":false},"excerpt":{"rendered":"<p>Nun liegt es auch schon wieder hinter uns &#8211; unser Sommerturnier 2018. Bevor wir \u00fcber die beiden Tage berichten, m\u00f6chten wir uns ganz herzlich bei allen Helfern bedanken, die sowohl im Verlauf der beiden Turniertage aber insbesondere in den Wochen davor unglaublich viel Arbeit in das Turnier investiert haben: Von Unkraut zupfen, \u00fcber Sponsoren suchen bis hin zu Gastro aufbauen \u2013 ohne euch w\u00fcrde es nicht gehen! Genauso wichtig f\u00fcr die Durchf\u00fchrung eines solchen Turniers sind f\u00fcr einen Verein Sponsoren. Vielen herzlichen Dank an alle Sponsoren f\u00fcr die Unterst\u00fctzung! Nun hatten wir in diesem Jahr leider wirklich Pech mit dem Wetter.\u00a0Aber dann wird es n\u00e4chstes Jahr bestimmt besser\u00a0\ud83d\ude42\u00a0Unsere Reiterinnen durften sich \u00fcber einige sch\u00f6ne Platzierungen freuen: Viktoria Johne wurde auf Thorben 6. in der Dressurreiter-A (7,0). Marie Neust\u00e4dter auf Caruso und Judith Wagenknecht auf Don Henry teilten sich in der A**-Dressur mit einer Note von 7,3 den 4. Platz. Noch&hellip;<\/p>\n<p> <a class=\"more-link\" href=\"https:\/\/rufv-gauting.de\/?page_id=1469\">Weiterlesen<\/a><\/p>\n","protected":false},"author":1,"featured_media":0,"parent":1018,"menu_order":0,"comment_status":"open","ping_status":"open","template":"","meta":[],"_links":{"self":[{"href":"https:\/\/rufv-gauting.de\/index.php?rest_route=\/wp\/v2\/pages\/1469"}],"collection":[{"href":"https:\/\/rufv-gauting.de\/index.php?rest_route=\/wp\/v2\/pages"}],"about":[{"href":"https:\/\/rufv-gauting.de\/index.php?rest_route=\/wp\/v2\/types\/page"}],"author":[{"embeddable":true,"href":"https:\/\/rufv-gauting.de\/index.php?rest_route=\/wp\/v2\/users\/1"}],"replies":[{"embeddable":true,"href":"https:\/\/rufv-gauting.de\/index.php?rest_route=%2Fwp%2Fv2%2Fcomments&post=1469"}],"version-history":[{"count":10,"href":"https:\/\/rufv-gauting.de\/index.php?rest_route=\/wp\/v2\/pages\/1469\/revisions"}],"predecessor-version":[{"id":1871,"href":"https:\/\/rufv-gauting.de\/index.php?rest_route=\/wp\/v2\/pages\/1469\/revisions\/1871"}],"up":[{"embeddable":true,"href":"https:\/\/rufv-gauting.de\/index.php?rest_route=\/wp\/v2\/pages\/1018"}],"wp:attachment":[{"href":"https:\/\/rufv-gauting.de\/index.php?rest_route=%2Fwp%2Fv2%2Fmedia&parent=1469"}],"curies":[{"name":"wp","href":"https:\/\/api.w.org\/{rel}","templated":true}]}}