{"id":1133,"date":"2014-05-07T15:28:35","date_gmt":"2014-05-07T14:28:35","guid":{"rendered":"http:https:\/\/rufv-gauting.de\/?page_id=1133"},"modified":"2024-01-14T21:47:46","modified_gmt":"2024-01-14T20:47:46","slug":"arbeitseinsatz","status":"publish","type":"page","link":"https:\/\/rufv-gauting.de\/?page_id=1133","title":{"rendered":"Infos f\u00fcr Vereinsmitglieder"},"content":{"rendered":"<p><strong>Arbeitstunden<\/strong><\/p>\n<p>Hier k\u00f6nnen unsere Vereinsmitglieder den aktuellen Arbeitsstundenzettel herunterladen. Bitte meldet mit diesem Zettel alle Arbeitsstunden, die von euch geleistet wurden. Bitte denk auch daran,&nbsp; die Arbeitsstundenzettel noch am selben Tag, an dem die Stunden abgearbeitet wurden, in den Briefkasten beim B\u00fcroaufgang einzuwerfen oder im B\u00fcro abzugeben. Herzlichen Dank f\u00fcr eure Mithilfe!<\/p>\n<p><a href=\"https:\/\/rufv-gauting.de\/wp-content\/uploads\/Arbeitsstundenzettel-Stand-Juli-2014.pdf\">Arbeitsstundenzettel<\/a><\/p>\n","protected":false},"excerpt":{"rendered":"<p>Arbeitstunden Hier k\u00f6nnen unsere Vereinsmitglieder den aktuellen Arbeitsstundenzettel herunterladen. Bitte meldet mit diesem Zettel alle Arbeitsstunden, die von euch geleistet wurden. Bitte denk auch daran,&nbsp; die Arbeitsstundenzettel noch am selben Tag, an dem die Stunden abgearbeitet wurden, in den Briefkasten beim B\u00fcroaufgang einzuwerfen oder im B\u00fcro abzugeben. Herzlichen Dank f\u00fcr eure Mithilfe! Arbeitsstundenzettel<\/p>\n","protected":false},"author":1,"featured_media":2142,"parent":2,"menu_order":0,"comment_status":"closed","ping_status":"open","template":"","meta":[],"_links":{"self":[{"href":"https:\/\/rufv-gauting.de\/index.php?rest_route=\/wp\/v2\/pages\/1133"}],"collection":[{"href":"https:\/\/rufv-gauting.de\/index.php?rest_route=\/wp\/v2\/pages"}],"about":[{"href":"https:\/\/rufv-gauting.de\/index.php?rest_route=\/wp\/v2\/types\/page"}],"author":[{"embeddable":true,"href":"https:\/\/rufv-gauting.de\/index.php?rest_route=\/wp\/v2\/users\/1"}],"replies":[{"embeddable":true,"href":"https:\/\/rufv-gauting.de\/index.php?rest_route=%2Fwp%2Fv2%2Fcomments&post=1133"}],"version-history":[{"count":10,"href":"https:\/\/rufv-gauting.de\/index.php?rest_route=\/wp\/v2\/pages\/1133\/revisions"}],"predecessor-version":[{"id":2143,"href":"https:\/\/rufv-gauting.de\/index.php?rest_route=\/wp\/v2\/pages\/1133\/revisions\/2143"}],"up":[{"embeddable":true,"href":"https:\/\/rufv-gauting.de\/index.php?rest_route=\/wp\/v2\/pages\/2"}],"wp:featuredmedia":[{"embeddable":true,"href":"https:\/\/rufv-gauting.de\/index.php?rest_route=\/wp\/v2\/media\/2142"}],"wp:attachment":[{"href":"https:\/\/rufv-gauting.de\/index.php?rest_route=%2Fwp%2Fv2%2Fmedia&parent=1133"}],"curies":[{"name":"wp","href":"https:\/\/api.w.org\/{rel}","templated":true}]}}