{"id":106,"date":"2010-03-17T11:59:08","date_gmt":"2010-03-17T10:59:08","guid":{"rendered":"http:https:\/\/rufv-gauting.de\/?page_id=106"},"modified":"2025-03-29T12:51:49","modified_gmt":"2025-03-29T11:51:49","slug":"impressum","status":"publish","type":"page","link":"https:\/\/rufv-gauting.de\/?page_id=106","title":{"rendered":"Impressum"},"content":{"rendered":"<p><strong>Anbieter:<\/strong><br \/>\nReit-und Fahrverein Gauting e.V.<br \/>\nK\u00f6nigswiesen 3<br \/>\n82131 Gauting<\/p>\n<p>Telefon: 089\/8506106<\/p>\n<p><strong>Vertretungsberechtigter Vorstand<\/strong><br \/>\nDirk Uhlemann<br \/>\nE-Mail: vorstand@rufv-gauting.de<\/p>\n<p><strong>Vereinsregister<\/strong><br \/>\nRegistergericht: Amtsgericht M\u00fcnchen<\/p>\n<p>Registernummer: VR 70509<\/p>\n<p><strong>Design:<\/strong><br \/>\nkreativlinse<br \/>\n<a href=\"mailto:mail@kreativlinse.de\">mail@kreativlinse.de<\/a><br \/>\n<a href=\"http:\/\/www.kreativlinse.de\">www.kreativlinse.de<\/a><\/p>\n<h2>Haftungsausschluss<\/h2>\n<p><strong>1. Inhalt des Onlineangebotes<\/strong><br \/>\nDer Seiteninhaber \u00fcbernimmt keinerlei Gew\u00e4hr f\u00fcr die Aktualit\u00e4t, Korrektheit, Vollst\u00e4ndigkeit oder Qualit\u00e4t der bereitgestellten Informationen. Haftungsanspr\u00fcche gegen den Inhaber, die sich auf Sch\u00e4den materieller oder ideeller Art beziehen, welche durch die Nutzung oder Nichtnutzung der dargebotenen Informationen bzw. durch die Nutzung fehlerhafter und unvollst\u00e4ndiger Informationen verursacht wurden sind grunds\u00e4tzlich ausgeschlossen, sofern seitens des Inhabers kein nachweislich vors\u00e4tzliches oder grob fahrl\u00e4ssiges Verschulden vorliegt. Der Inhaber beh\u00e4lt es sich ausdr\u00fccklich vor, Teile der Seiten oder das gesamte Angebot ohne gesonderte Ank\u00fcndigung zu ver\u00e4ndern, zu erg\u00e4nzen, zu l\u00f6schen oder die Ver\u00f6ffentlichung zeitweise oder endg\u00fcltig einzustellen. Es ist nicht gestattet, Namen und Adressdaten, sowie E-Mailadressen aus der Website zu filtern, um diese f\u00fcr Werbe- oder andere Ma\u00dfnahmen zu nutzen. Eine entsprechende Strafverfolgung bleibt vorbehalten.<\/p>\n<p><strong>2. Verweise und Links<\/strong><br \/>\nSofern auf Verweisziele (&#8222;Links&#8220;) direkt oder indirekt verwiesen wird, die au\u00dferhalb des Verantwortungsbereiches des Inhabers liegen, haftet dieser gem\u00e4\u00df \u00a7 5 Abs. 2 TDG nur dann, wenn er von den Inhalten Kenntnis hat und es ihm technisch m\u00f6glich und zumutbar w\u00e4re, die Nutzung im Falle rechtswidriger Inhalte zu verhindern. Haben Sie solche Verweise entdeckt, mailen Sie uns bitte einen entsprechenden Hinweis an <a href=\"mailto: webmaster@rufv-gauting.de\">webmaster@rufv-gauting.de<\/a> . F\u00fcr dar\u00fcber hinausgehende Inhalte und insbesondere f\u00fcr Sch\u00e4den, die aus der Nutzung oder Nichtnutzung solcher Informationen entstehen, haftet allein der Anbieter der Seite, auf welche verwiesen wurde.<\/p>\n<p><strong>3. Urheberrecht<\/strong><br \/>\nDer Autor ist bestrebt, in allen Publikationen die Urheberrechte der verwendeten Grafiken und Texte zu beachten, von ihm selbst erstellte Grafiken, und Texte zu nutzen oder auf lizenzfreie Grafiken und Texte zur\u00fcckzugreifen. Sollte sich auf den jeweiligen Seiten dennoch eine ungekennzeichnete, aber durch fremdes Copyright gesch\u00fctzte Grafik, oder Text befinden, so konnte das Copyright vom Autor nicht festgestellt werden. Im Falle einer solchen unbeabsichtigten Copyrightverletzung wird der Autor das entsprechende Objekt nach Benachrichtigung aus seiner Publikation entfernen bzw. mit dem entsprechenden Copyright kenntlich machen. Das Copyright f\u00fcr ver\u00f6ffentlichte, vom Inhaber selbst erstellte Objekte bleibt allein beim Inhaber. Eine Vervielf\u00e4ltigung oder Verwendung solcher Grafiken, und Texte in anderen elektronischen oder gedruckten Publikationen ist ohne ausdr\u00fcckliche Zustimmung des Inhabers nicht gestattet. Gibt der Inhaber seine Zustimmung zur Ver\u00f6ffentlichung, teilweisen Ver\u00f6ffentlichung oder sonstigen Verwendung seiner Informationen, so erfolgt dies immer mit Quellenangabe und Zusendung eines Belegexemplars bzw. der Zusendung eines Screenshoots\/Links an den Inhaber .<\/p>\n<p><strong>4. Rechtswirksamkeit dieses Haftungsausschlusses<\/strong><br \/>\nDieser Haftungsausschluss ist als Teil des Internetangebotes zu betrachten, von dem aus auf diese Seite verwiesen wurde. Sofern Teile oder einzelne Formulierungen dieses Textes der geltenden Rechtslage nicht, nicht mehr oder nicht vollst\u00e4ndig entsprechen sollten, bleiben die \u00fcbrigen Teile des Dokumentes in ihrem Inhalt und ihrer G\u00fcltigkeit davon unber\u00fchrt.<\/p>\n","protected":false},"excerpt":{"rendered":"<p>Anbieter: Reit-und Fahrverein Gauting e.V. K\u00f6nigswiesen 3 82131 Gauting Telefon: 089\/8506106 Vertretungsberechtigter Vorstand Dirk Uhlemann E-Mail: vorstand@rufv-gauting.de Vereinsregister Registergericht: Amtsgericht M\u00fcnchen Registernummer: VR 70509 Design: kreativlinse mail@kreativlinse.de www.kreativlinse.de Haftungsausschluss 1. Inhalt des Onlineangebotes Der Seiteninhaber \u00fcbernimmt keinerlei Gew\u00e4hr f\u00fcr die Aktualit\u00e4t, Korrektheit, Vollst\u00e4ndigkeit oder Qualit\u00e4t der bereitgestellten Informationen. Haftungsanspr\u00fcche gegen den Inhaber, die sich auf Sch\u00e4den materieller oder ideeller Art beziehen, welche durch die Nutzung oder Nichtnutzung der dargebotenen Informationen bzw. durch die Nutzung fehlerhafter und unvollst\u00e4ndiger Informationen verursacht wurden sind grunds\u00e4tzlich ausgeschlossen, sofern seitens des Inhabers kein nachweislich vors\u00e4tzliches oder grob fahrl\u00e4ssiges Verschulden vorliegt. Der Inhaber beh\u00e4lt es sich ausdr\u00fccklich vor, Teile der Seiten oder das gesamte Angebot ohne gesonderte Ank\u00fcndigung zu ver\u00e4ndern, zu erg\u00e4nzen, zu l\u00f6schen oder die Ver\u00f6ffentlichung zeitweise oder endg\u00fcltig einzustellen. Es ist nicht gestattet, Namen und Adressdaten, sowie E-Mailadressen aus der Website zu filtern, um diese f\u00fcr Werbe- oder andere Ma\u00dfnahmen zu nutzen. Eine entsprechende&hellip;<\/p>\n<p> <a class=\"more-link\" href=\"https:\/\/rufv-gauting.de\/?page_id=106\">Weiterlesen<\/a><\/p>\n","protected":false},"author":1,"featured_media":0,"parent":103,"menu_order":0,"comment_status":"open","ping_status":"open","template":"","meta":[],"_links":{"self":[{"href":"https:\/\/rufv-gauting.de\/index.php?rest_route=\/wp\/v2\/pages\/106"}],"collection":[{"href":"https:\/\/rufv-gauting.de\/index.php?rest_route=\/wp\/v2\/pages"}],"about":[{"href":"https:\/\/rufv-gauting.de\/index.php?rest_route=\/wp\/v2\/types\/page"}],"author":[{"embeddable":true,"href":"https:\/\/rufv-gauting.de\/index.php?rest_route=\/wp\/v2\/users\/1"}],"replies":[{"embeddable":true,"href":"https:\/\/rufv-gauting.de\/index.php?rest_route=%2Fwp%2Fv2%2Fcomments&post=106"}],"version-history":[{"count":8,"href":"https:\/\/rufv-gauting.de\/index.php?rest_route=\/wp\/v2\/pages\/106\/revisions"}],"predecessor-version":[{"id":2484,"href":"https:\/\/rufv-gauting.de\/index.php?rest_route=\/wp\/v2\/pages\/106\/revisions\/2484"}],"up":[{"embeddable":true,"href":"https:\/\/rufv-gauting.de\/index.php?rest_route=\/wp\/v2\/pages\/103"}],"wp:attachment":[{"href":"https:\/\/rufv-gauting.de\/index.php?rest_route=%2Fwp%2Fv2%2Fmedia&parent=106"}],"curies":[{"name":"wp","href":"https:\/\/api.w.org\/{rel}","templated":true}]}}